{"id":2599,"date":"2019-08-23T10:01:54","date_gmt":"2019-08-23T10:01:54","guid":{"rendered":"https:\/\/alterlookhair.com\/?post_type=product&#038;p=2599"},"modified":"2023-05-29T16:15:07","modified_gmt":"2023-05-29T16:15:07","slug":"onlys-home-care-aloe-vera","status":"publish","type":"product","link":"https:\/\/alterlook.es\/es\/producto\/onlys-home-care-aloe-vera","title":{"rendered":"[ONLYS BOTANIC HOME CARE KIT] | Tratamiento Vegano Hidratante y Antiencrespamiento de Mantenimiento con 91% Aloe Vera"},"content":{"rendered":"<p><strong><span style=\"font-size: 14pt;\">Formula Waterless<\/span><\/strong><\/p>\n<p>A diferencia de otros prodcutos capilares, los productos Onlys Home Care sustituyen el agua por extracto de Aloe Vera para potenciar el efecto nutritivo e hidratante de su f\u00f3rmula.<\/p>\n<p><strong><span style=\"font-size: 14pt;\">Hidrataci\u00f3n Profunda y Control del Frizz<\/span><\/strong><\/p>\n<p>El Kit de cuidado diario en casa Onlys hidrata y reduce el encrespamiento del cabello, dej\u00e1ndolo m\u00e1s suave, brillante y sedoso.<\/p>\n<p><strong><span style=\"font-size: 14pt;\">3 en 1<\/span><\/strong><\/p>\n<p>El Kit Onlys Home Care incluye un champ\u00fa hidratante, un acondicionador suavizante y una mascarilla capilar de nutrici\u00f3n profunda para regenerar el cabello y recuperar su belleza natural pro m\u00e1s tiempo.<\/p>\n<p><img decoding=\"async\" class=\"wp-image-5331 alignleft\" src=\"https:\/\/alterlookhair.com\/wp-content\/uploads\/2021\/02\/alisado-vegano-onlys-240x300.png\" alt=\"\" width=\"131\" height=\"164\" srcset=\"https:\/\/alterlook.es\/wp-content\/uploads\/2021\/02\/alisado-vegano-onlys-240x300.png 240w, https:\/\/alterlook.es\/wp-content\/uploads\/2021\/02\/alisado-vegano-onlys-819x1024.png 819w, https:\/\/alterlook.es\/wp-content\/uploads\/2021\/02\/alisado-vegano-onlys-768x960.png 768w, https:\/\/alterlook.es\/wp-content\/uploads\/2021\/02\/alisado-vegano-onlys-1228x1536.png 1228w, https:\/\/alterlook.es\/wp-content\/uploads\/2021\/02\/alisado-vegano-onlys-500x625.png 500w, https:\/\/alterlook.es\/wp-content\/uploads\/2021\/02\/alisado-vegano-onlys.png 1417w\" sizes=\"(max-width: 131px) 100vw, 131px\" \/> \u00a0 <img decoding=\"async\" class=\"alignnone wp-image-5586 alignleft\" src=\"https:\/\/alterlookhair.com\/wp-content\/uploads\/2019\/08\/logo-cruelty-free.png\" alt=\"\" width=\"169\" height=\"168\" srcset=\"https:\/\/alterlook.es\/wp-content\/uploads\/2019\/08\/logo-cruelty-free.png 202w, https:\/\/alterlook.es\/wp-content\/uploads\/2019\/08\/logo-cruelty-free-150x150.png 150w, https:\/\/alterlook.es\/wp-content\/uploads\/2019\/08\/logo-cruelty-free-100x100.png 100w\" sizes=\"(max-width: 169px) 100vw, 169px\" \/><\/p>\n","protected":false},"excerpt":{"rendered":"<p><strong>Tratamiento Capilar de hidrataci\u00f3n profunda y control del encrespamiento<\/strong>.\u00a0 Tratamiento profesional con hasta 91% aloe vera y con ginseng para todo tipo de cabello. <strong>Repara, hidrata y nutre a profundidad<\/strong> gracias a sus activos de origen org\u00e1nico y natural.<\/p>\n<p>Productos con <strong>certificaci\u00f3n vegana y libres de crueldad animal<\/strong>, sin sulfatos, ni parabenos ni siliconas, perfectos para el cuidado del cabello, protecci\u00f3n solar y el mantenimiento de tratamientos de alisados.<\/p>\n<p>Kit de uso diario compuesto por <strong>champ\u00fa, acondicionador y mascarilla<\/strong> en formato 250 ml.<\/p>\n<p style=\"text-align: center;\">___________________<\/p>\n<h3 style=\"text-align: center;\">PAGO SEGURO Y ENTREGA R\u00c1PIDA<\/h3>\n<p><img decoding=\"async\" class=\"aligncenter wp-image-5588 size-full\" src=\"https:\/\/alterlookhair.com\/wp-content\/uploads\/2019\/08\/pago-seguro-1-2.png\" alt=\"\" width=\"1020\" height=\"288\" srcset=\"https:\/\/alterlook.es\/wp-content\/uploads\/2019\/08\/pago-seguro-1-2.png 1020w, https:\/\/alterlook.es\/wp-content\/uploads\/2019\/08\/pago-seguro-1-2-300x85.png 300w, https:\/\/alterlook.es\/wp-content\/uploads\/2019\/08\/pago-seguro-1-2-768x217.png 768w, https:\/\/alterlook.es\/wp-content\/uploads\/2019\/08\/pago-seguro-1-2-500x141.png 500w\" sizes=\"(max-width: 1020px) 100vw, 1020px\" \/><\/p>\n<p>&nbsp;<\/p>\n","protected":false},"featured_media":8197,"template":"","meta":[],"product_cat":[54,63],"product_tag":[],"_links":{"self":[{"href":"https:\/\/alterlook.es\/es\/wp-json\/wp\/v2\/product\/2599"}],"collection":[{"href":"https:\/\/alterlook.es\/es\/wp-json\/wp\/v2\/product"}],"about":[{"href":"https:\/\/alterlook.es\/es\/wp-json\/wp\/v2\/types\/product"}],"version-history":[{"count":4,"href":"https:\/\/alterlook.es\/es\/wp-json\/wp\/v2\/product\/2599\/revisions"}],"predecessor-version":[{"id":9812,"href":"https:\/\/alterlook.es\/es\/wp-json\/wp\/v2\/product\/2599\/revisions\/9812"}],"wp:featuredmedia":[{"embeddable":true,"href":"https:\/\/alterlook.es\/es\/wp-json\/wp\/v2\/media\/8197"}],"wp:attachment":[{"href":"https:\/\/alterlook.es\/es\/wp-json\/wp\/v2\/media?parent=2599"}],"wp:term":[{"taxonomy":"product_cat","embeddable":true,"href":"https:\/\/alterlook.es\/es\/wp-json\/wp\/v2\/product_cat?post=2599"},{"taxonomy":"product_tag","embeddable":true,"href":"https:\/\/alterlook.es\/es\/wp-json\/wp\/v2\/product_tag?post=2599"}],"curies":[{"name":"wp","href":"https:\/\/api.w.org\/{rel}","templated":true}]}}