{"id":7319,"date":"2021-09-15T08:16:19","date_gmt":"2021-09-15T08:16:19","guid":{"rendered":"https:\/\/alterlookhair.com\/?page_id=7319"},"modified":"2025-01-21T13:31:36","modified_gmt":"2025-01-21T13:31:36","slug":"registro-distribuidores-comerciales","status":"publish","type":"page","link":"https:\/\/alterlook.es\/es\/registro-distribuidores-comerciales","title":{"rendered":"\u00danete a nuestra red"},"content":{"rendered":"\t\t<div data-elementor-type=\"wp-page\" data-elementor-id=\"7319\" class=\"elementor elementor-7319\">\n\t\t\t\t\t\t\t\t\t<section class=\"elementor-section elementor-top-section elementor-element elementor-element-66e87c4b elementor-section-boxed elementor-section-height-default elementor-section-height-default\" data-id=\"66e87c4b\" data-element_type=\"section\">\n\t\t\t\t\t\t<div class=\"elementor-container elementor-column-gap-default\">\n\t\t\t\t\t<div class=\"elementor-column elementor-col-100 elementor-top-column elementor-element elementor-element-2f5c2af2\" data-id=\"2f5c2af2\" data-element_type=\"column\">\n\t\t\t<div class=\"elementor-widget-wrap elementor-element-populated\">\n\t\t\t\t\t\t\t\t<div class=\"elementor-element elementor-element-faec261 elementor-widget-divider--view-line elementor-widget elementor-widget-divider\" data-id=\"faec261\" data-element_type=\"widget\" data-widget_type=\"divider.default\">\n\t\t\t\t<div class=\"elementor-widget-container\">\n\t\t\t\t\t<div class=\"elementor-divider\">\n\t\t\t<span class=\"elementor-divider-separator\">\n\t\t\t\t\t\t<\/span>\n\t\t<\/div>\n\t\t\t\t<\/div>\n\t\t\t\t<\/div>\n\t\t\t\t<div class=\"elementor-element elementor-element-a48f69c elementor-widget elementor-widget-heading\" data-id=\"a48f69c\" data-element_type=\"widget\" data-widget_type=\"heading.default\">\n\t\t\t\t<div class=\"elementor-widget-container\">\n\t\t\t<h2 class=\"elementor-heading-title elementor-size-default\">\u00bfEres Distribuidor o Comercial?<\/h2>\t\t<\/div>\n\t\t\t\t<\/div>\n\t\t\t\t<div class=\"elementor-element elementor-element-88a9557 elementor-widget elementor-widget-heading\" data-id=\"88a9557\" data-element_type=\"widget\" data-widget_type=\"heading.default\">\n\t\t\t\t<div class=\"elementor-widget-container\">\n\t\t\t<h2 class=\"elementor-heading-title elementor-size-default\">REG\u00cdSTRATE T\u00da O TU EMPRESA<\/h2>\t\t<\/div>\n\t\t\t\t<\/div>\n\t\t\t\t<div class=\"elementor-element elementor-element-868eb97 elementor-widget-divider--view-line elementor-widget elementor-widget-divider\" data-id=\"868eb97\" data-element_type=\"widget\" data-widget_type=\"divider.default\">\n\t\t\t\t<div class=\"elementor-widget-container\">\n\t\t\t\t\t<div class=\"elementor-divider\">\n\t\t\t<span class=\"elementor-divider-separator\">\n\t\t\t\t\t\t<\/span>\n\t\t<\/div>\n\t\t\t\t<\/div>\n\t\t\t\t<\/div>\n\t\t\t\t<div class=\"elementor-element elementor-element-c3cd50f elementor-widget elementor-widget-text-editor\" data-id=\"c3cd50f\" data-element_type=\"widget\" data-widget_type=\"text-editor.default\">\n\t\t\t\t<div class=\"elementor-widget-container\">\n\t\t\t\t\t\t\t<p>En <strong>ALTERLOOK<\/strong>, nos dedicamos exclusivamente al sector de la <strong>peluquer\u00eda profesional<\/strong>. Nuestro enfoque est\u00e1 en brindar productos y servicios de calidad a aut\u00e9nticos <strong>estilistas<\/strong> y <strong>salones de peluquer\u00eda<\/strong>, no a particulares o consumidores finales.<\/p>\n<p>Nos esforzamos por garantizar que nuestros productos se utilicen de la mejor manera posible y preservar la <strong>exclusividad<\/strong> que el sector requiere. Por lo tanto, al registrarte como cliente y antes de concederte el acceso, verificaremos que tu actividad est\u00e9 relacionada con la <strong>peluquer\u00eda profesional<\/strong>.<\/p>\n<p>Te invitamos a completar el siguiente formulario, y al hacerlo, aceptas nuestra <a href=\"https:\/\/alterlookhair.com\/privacy-policy\"><strong>Pol\u00edtica de Privacidad<\/strong><\/a>. Confiamos en establecer una relaci\u00f3n mutuamente beneficiosa con profesionales del sector de la peluquer\u00eda.<\/p>\t\t\t\t\t\t<\/div>\n\t\t\t\t<\/div>\n\t\t\t\t<div class=\"elementor-element elementor-element-e4ebca7 elementor-widget elementor-widget-heading\" data-id=\"e4ebca7\" data-element_type=\"widget\" data-widget_type=\"heading.default\">\n\t\t\t\t<div class=\"elementor-widget-container\">\n\t\t\t<h2 class=\"elementor-heading-title elementor-size-default\">Rellena el formulario<\/h2>\t\t<\/div>\n\t\t\t\t<\/div>\n\t\t\t\t<div class=\"elementor-element elementor-element-7a0b15a elementor-button-align-stretch elementor-widget elementor-widget-form\" data-id=\"7a0b15a\" data-element_type=\"widget\" data-settings=\"{&quot;step_next_label&quot;:&quot;Siguiente&quot;,&quot;step_previous_label&quot;:&quot;ANTERIOR&quot;,&quot;button_width&quot;:&quot;100&quot;,&quot;step_type&quot;:&quot;number_text&quot;,&quot;step_icon_shape&quot;:&quot;circle&quot;}\" data-widget_type=\"form.default\">\n\t\t\t\t<div class=\"elementor-widget-container\">\n\t\t\t\t\t<form class=\"elementor-form\" method=\"post\" name=\"Formulario de REGISTRO PROFESIONAL\">\n\t\t\t<input type=\"hidden\" name=\"post_id\" value=\"7319\"\/>\n\t\t\t<input type=\"hidden\" name=\"form_id\" value=\"7a0b15a\"\/>\n\t\t\t<input type=\"hidden\" name=\"referer_title\" value=\"Alterlook\" \/>\n\n\t\t\t\n\t\t\t<div class=\"elementor-form-fields-wrapper elementor-labels-above\">\n\t\t\t\t\t\t\t\t<div class=\"elementor-field-type-step elementor-field-group elementor-column elementor-field-group-field_9903be7 elementor-col-100\">\n\t\t\t\t\t\t\t<div class=\"e-field-step elementor-hidden\" data-label=\"\u00bfQui\u00e9n eres?\" data-previousButton=\"\" data-nextButton=\"\" data-iconUrl=\"\" data-iconLibrary=\"fas fa-star\" data-icon=\"\" ><\/div>\n\n\t\t\t\t\t\t<\/div>\n\t\t\t\t\t\t\t\t<div class=\"elementor-field-type-text elementor-field-group elementor-column elementor-field-group-name elementor-col-100 elementor-field-required\">\n\t\t\t\t\t\t\t\t\t\t\t\t<label for=\"form-field-name\" class=\"elementor-field-label\">\n\t\t\t\t\t\t\t\tNombre\t\t\t\t\t\t\t<\/label>\n\t\t\t\t\t\t\t\t\t\t\t\t\t\t<input size=\"1\" type=\"text\" name=\"form_fields[name]\" id=\"form-field-name\" class=\"elementor-field elementor-size-sm  elementor-field-textual\" placeholder=\"\u00bfC\u00f3mo te llamas?\" required=\"required\" aria-required=\"true\">\n\t\t\t\t\t\t\t\t\t\t\t<\/div>\n\t\t\t\t\t\t\t\t<div class=\"elementor-field-type-text elementor-field-group elementor-column elementor-field-group-field_6b3f514 elementor-col-100\">\n\t\t\t\t\t\t\t\t\t\t\t\t<label for=\"form-field-field_6b3f514\" class=\"elementor-field-label\">\n\t\t\t\t\t\t\t\tApellido\t\t\t\t\t\t\t<\/label>\n\t\t\t\t\t\t\t\t\t\t\t\t\t\t<input size=\"1\" type=\"text\" name=\"form_fields[field_6b3f514]\" id=\"form-field-field_6b3f514\" class=\"elementor-field elementor-size-sm  elementor-field-textual\" placeholder=\"\u00bfCu\u00e1l es tu apellido?\">\n\t\t\t\t\t\t\t\t\t\t\t<\/div>\n\t\t\t\t\t\t\t\t<div class=\"elementor-field-type-tel elementor-field-group elementor-column elementor-field-group-field_d1e0acb elementor-col-100 elementor-field-required\">\n\t\t\t\t\t\t\t\t\t\t\t\t<label for=\"form-field-field_d1e0acb\" class=\"elementor-field-label\">\n\t\t\t\t\t\t\t\tTel\u00e9fono\t\t\t\t\t\t\t<\/label>\n\t\t\t\t\t\t\t\t<input size=\"1\" type=\"tel\" name=\"form_fields[field_d1e0acb]\" id=\"form-field-field_d1e0acb\" class=\"elementor-field elementor-size-sm  elementor-field-textual\" placeholder=\"\u00bfCu\u00e1l es tu n\u00famero de contacto?\" required=\"required\" aria-required=\"true\" pattern=\"[0-9()#&amp;+*-=.]+\" title=\"Only numbers and phone characters (#, -, *, etc) are accepted.\">\n\n\t\t\t\t\t\t<\/div>\n\t\t\t\t\t\t\t\t<div class=\"elementor-field-type-email elementor-field-group elementor-column elementor-field-group-email elementor-col-100 elementor-field-required\">\n\t\t\t\t\t\t\t\t\t\t\t\t<label for=\"form-field-email\" class=\"elementor-field-label\">\n\t\t\t\t\t\t\t\tCorreo electr\u00f3nico\t\t\t\t\t\t\t<\/label>\n\t\t\t\t\t\t\t\t\t\t\t\t\t\t<input size=\"1\" type=\"email\" name=\"form_fields[email]\" id=\"form-field-email\" class=\"elementor-field elementor-size-sm  elementor-field-textual\" placeholder=\"\u00bfCu\u00e1l es tu email?\" required=\"required\" aria-required=\"true\">\n\t\t\t\t\t\t\t\t\t\t\t<\/div>\n\t\t\t\t\t\t\t\t<div class=\"elementor-field-type-step elementor-field-group elementor-column elementor-field-group-field_1514b2b elementor-col-100\">\n\t\t\t\t\t\t\t<div class=\"e-field-step elementor-hidden\" data-label=\"\u00bfD\u00f3nde trabajas?\" data-previousButton=\"\" data-nextButton=\"\" data-iconUrl=\"\" data-iconLibrary=\"fas fa-user\" data-icon=\"\" ><\/div>\n\n\t\t\t\t\t\t<\/div>\n\t\t\t\t\t\t\t\t<div class=\"elementor-field-type-select elementor-field-group elementor-column elementor-field-group-field_a5e65e7 elementor-col-100 elementor-field-type-select-multiple elementor-field-required\">\n\t\t\t\t\t\t\t\t\t\t\t\t<label for=\"form-field-field_a5e65e7\" class=\"elementor-field-label\">\n\t\t\t\t\t\t\t\t\u00bfQu\u00e9 tipo de profesional eres?\t\t\t\t\t\t\t<\/label>\n\t\t\t\t\t\t\t\t<div class=\"elementor-field elementor-select-wrapper remove-before \">\n\t\t\t<div class=\"select-caret-down-wrapper\">\n\t\t\t\t\t\t\t<\/div>\n\t\t\t<select name=\"form_fields[field_a5e65e7][]\" id=\"form-field-field_a5e65e7\" class=\"elementor-field-textual elementor-size-sm\" required=\"required\" aria-required=\"true\" multiple=\"\">\n\t\t\t\t\t\t\t\t\t<option value=\"Distribuidor\">Distribuidor<\/option>\n\t\t\t\t\t\t\t\t\t<option value=\"Comercial\">Comercial<\/option>\n\t\t\t\t\t\t\t\t\t<option value=\"Estilista\">Estilista<\/option>\n\t\t\t\t\t\t\t\t\t<option value=\"Peluquer@\">Peluquer@<\/option>\n\t\t\t\t\t\t\t\t\t<option value=\"Otros\">Otros<\/option>\n\t\t\t\t\t\t\t<\/select>\n\t\t<\/div>\n\t\t\t\t\t\t<\/div>\n\t\t\t\t\t\t\t\t<div class=\"elementor-field-type-text elementor-field-group elementor-column elementor-field-group-field_6145ec4 elementor-col-100\">\n\t\t\t\t\t\t\t\t\t\t\t\t<label for=\"form-field-field_6145ec4\" class=\"elementor-field-label\">\n\t\t\t\t\t\t\t\tEmpresa\t\t\t\t\t\t\t<\/label>\n\t\t\t\t\t\t\t\t\t\t\t\t\t\t<input size=\"1\" type=\"text\" name=\"form_fields[field_6145ec4]\" id=\"form-field-field_6145ec4\" class=\"elementor-field elementor-size-sm  elementor-field-textual\" placeholder=\"Escribe aqu\u00ed el nombre o Raz\u00f3n Social de tu empresa.\">\n\t\t\t\t\t\t\t\t\t\t\t<\/div>\n\t\t\t\t\t\t\t\t<div class=\"elementor-field-type-text elementor-field-group elementor-column elementor-field-group-field_8c3e744 elementor-col-100\">\n\t\t\t\t\t\t\t\t\t\t\t\t<label for=\"form-field-field_8c3e744\" class=\"elementor-field-label\">\n\t\t\t\t\t\t\t\tCIF de la Empresa\t\t\t\t\t\t\t<\/label>\n\t\t\t\t\t\t\t\t\t\t\t\t\t\t<input size=\"1\" type=\"text\" name=\"form_fields[field_8c3e744]\" id=\"form-field-field_8c3e744\" class=\"elementor-field elementor-size-sm  elementor-field-textual\" placeholder=\"Escribe aqu\u00ed el CIF de tu empresa (o DNI\/NIE si eres Aut\u00f3nomo).\">\n\t\t\t\t\t\t\t\t\t\t\t<\/div>\n\t\t\t\t\t\t\t\t<div class=\"elementor-field-type-number elementor-field-group elementor-column elementor-field-group-field_9f0aa75 elementor-col-100 elementor-field-required\">\n\t\t\t\t\t\t\t\t\t\t\t\t<label for=\"form-field-field_9f0aa75\" class=\"elementor-field-label\">\n\t\t\t\t\t\t\t\tC\u00f3digo Postal\t\t\t\t\t\t\t<\/label>\n\t\t\t\t\t\t\t\t\t<input type=\"number\" name=\"form_fields[field_9f0aa75]\" id=\"form-field-field_9f0aa75\" class=\"elementor-field elementor-size-sm  elementor-field-textual\" placeholder=\"\u00bfCu\u00e1l es tu c\u00f3digo postal?\" required=\"required\" aria-required=\"true\" min=\"0\" max=\"99999\" >\n\t\t\t\t\t\t<\/div>\n\t\t\t\t\t\t\t\t<div class=\"elementor-field-type-recaptcha elementor-field-group elementor-column elementor-field-group-field_33c4cdb elementor-col-100\">\n\t\t\t\t\t<div class=\"elementor-field\" id=\"form-field-field_33c4cdb\"><div class=\"elementor-g-recaptcha\" data-sitekey=\"6LeE_cIbAAAAAAvBkmy7K7n0h-bTF3FUORzVUYJW\" data-type=\"v2_checkbox\" data-theme=\"light\" data-size=\"normal\"><\/div><\/div>\t\t\t\t<\/div>\n\t\t\t\t\t\t\t\t<div class=\"elementor-field-type-acceptance elementor-field-group elementor-column elementor-field-group-field_99751c8 elementor-col-100\">\n\t\t\t\t\t\t\t<div class=\"elementor-field-subgroup\">\n\t\t\t<span class=\"elementor-field-option\">\n\t\t\t\t<input type=\"checkbox\" name=\"form_fields[field_99751c8]\" id=\"form-field-field_99751c8\" class=\"elementor-field elementor-size-sm  elementor-acceptance-field\">\n\t\t\t\t<label for=\"form-field-field_99751c8\">Acepto recibir comunicaciones de Alterlook seg\u00fan la Pol\u00edtica de Privacidad del sitio web.<\/label>\t\t\t<\/span>\n\t\t<\/div>\n\t\t\t\t\t\t<\/div>\n\t\t\t\t\t\t\t\t<div class=\"elementor-field-group elementor-column elementor-field-type-submit elementor-col-100 e-form__buttons\">\n\t\t\t\t\t<button type=\"submit\" class=\"elementor-button elementor-size-sm\">\n\t\t\t\t\t\t<span >\n\t\t\t\t\t\t\t\t\t\t\t\t\t\t\t<span class=\"elementor-align-icon-left elementor-button-icon\">\n\t\t\t\t\t\t\t\t\t<i aria-hidden=\"true\" class=\"fab fa-telegram-plane\"><\/i>\t\t\t\t\t\t\t\t\t\t\t\t\t\t\t\t\t<\/span>\n\t\t\t\t\t\t\t\t\t\t\t\t\t\t\t\t\t\t\t\t\t\t<span class=\"elementor-button-text\">ENVIAR<\/span>\n\t\t\t\t\t\t\t\t\t\t\t\t\t<\/span>\n\t\t\t\t\t<\/button>\n\t\t\t\t<\/div>\n\t\t\t<\/div>\n\t\t<\/form>\n\t\t\t\t<\/div>\n\t\t\t\t<\/div>\n\t\t\t\t<div class=\"elementor-element elementor-element-0c420d7 elementor-widget elementor-widget-text-editor\" data-id=\"0c420d7\" data-element_type=\"widget\" data-widget_type=\"text-editor.default\">\n\t\t\t\t<div class=\"elementor-widget-container\">\n\t\t\t\t\t\t\t<p>Una vez hayamos verificado tu identidad como profesional de la peluquer\u00eda, <strong>validaremos tu registro<\/strong> y un representante comercial se pondr\u00e1 en contacto contigo.<\/p>\t\t\t\t\t\t<\/div>\n\t\t\t\t<\/div>\n\t\t\t\t\t<\/div>\n\t\t<\/div>\n\t\t\t\t\t\t\t<\/div>\n\t\t<\/section>\n\t\t\t\t\t\t\t<\/div>\n\t\t","protected":false},"excerpt":{"rendered":"<p>\u00bfEres Distribuidor o Comercial? REG\u00cdSTRATE T\u00da O TU EMPRESA En ALTERLOOK, nos dedicamos exclusivamente al sector de la peluquer\u00eda profesional. Nuestro enfoque est\u00e1 en brindar productos y servicios de calidad a aut\u00e9nticos estilistas y salones de peluquer\u00eda, no a particulares o consumidores finales. Nos esforzamos por garantizar que nuestros productos se utilicen de la mejor [&hellip;]<\/p>\n","protected":false},"author":1,"featured_media":0,"parent":0,"menu_order":0,"comment_status":"closed","ping_status":"closed","template":"elementor_header_footer","meta":[],"_links":{"self":[{"href":"https:\/\/alterlook.es\/es\/wp-json\/wp\/v2\/pages\/7319"}],"collection":[{"href":"https:\/\/alterlook.es\/es\/wp-json\/wp\/v2\/pages"}],"about":[{"href":"https:\/\/alterlook.es\/es\/wp-json\/wp\/v2\/types\/page"}],"author":[{"embeddable":true,"href":"https:\/\/alterlook.es\/es\/wp-json\/wp\/v2\/users\/1"}],"replies":[{"embeddable":true,"href":"https:\/\/alterlook.es\/es\/wp-json\/wp\/v2\/comments?post=7319"}],"version-history":[{"count":158,"href":"https:\/\/alterlook.es\/es\/wp-json\/wp\/v2\/pages\/7319\/revisions"}],"predecessor-version":[{"id":11382,"href":"https:\/\/alterlook.es\/es\/wp-json\/wp\/v2\/pages\/7319\/revisions\/11382"}],"wp:attachment":[{"href":"https:\/\/alterlook.es\/es\/wp-json\/wp\/v2\/media?parent=7319"}],"curies":[{"name":"wp","href":"https:\/\/api.w.org\/{rel}","templated":true}]}}