{"id":5314,"date":"2021-02-10T11:30:40","date_gmt":"2021-02-10T11:30:40","guid":{"rendered":"https:\/\/alterlookhair.com\/?page_id=5314"},"modified":"2025-01-21T13:27:28","modified_gmt":"2025-01-21T13:27:28","slug":"nosotros","status":"publish","type":"page","link":"https:\/\/alterlook.es\/es\/nosotros","title":{"rendered":"Nosotros"},"content":{"rendered":"\t\t<div data-elementor-type=\"wp-page\" data-elementor-id=\"5314\" class=\"elementor elementor-5314\">\n\t\t\t\t\t\t\t\t\t<section class=\"elementor-section elementor-top-section elementor-element elementor-element-78517b5 elementor-section-boxed elementor-section-height-default elementor-section-height-default\" data-id=\"78517b5\" data-element_type=\"section\" data-settings=\"{&quot;background_background&quot;:&quot;classic&quot;}\">\n\t\t\t\t\t\t<div class=\"elementor-container elementor-column-gap-default\">\n\t\t\t\t\t<div class=\"elementor-column elementor-col-100 elementor-top-column elementor-element elementor-element-c22b98c\" data-id=\"c22b98c\" data-element_type=\"column\">\n\t\t\t<div class=\"elementor-widget-wrap elementor-element-populated\">\n\t\t\t\t\t\t\t\t<div class=\"elementor-element elementor-element-826ab74 elementor-widget elementor-widget-spacer\" data-id=\"826ab74\" data-element_type=\"widget\" data-widget_type=\"spacer.default\">\n\t\t\t\t<div class=\"elementor-widget-container\">\n\t\t\t\t\t<div class=\"elementor-spacer\">\n\t\t\t<div class=\"elementor-spacer-inner\"><\/div>\n\t\t<\/div>\n\t\t\t\t<\/div>\n\t\t\t\t<\/div>\n\t\t\t\t\t<\/div>\n\t\t<\/div>\n\t\t\t\t\t\t\t<\/div>\n\t\t<\/section>\n\t\t\t\t<section class=\"elementor-section elementor-top-section elementor-element elementor-element-4fa46f4 elementor-section-boxed elementor-section-height-default elementor-section-height-default\" data-id=\"4fa46f4\" data-element_type=\"section\">\n\t\t\t\t\t\t<div class=\"elementor-container elementor-column-gap-default\">\n\t\t\t\t\t<div class=\"elementor-column elementor-col-100 elementor-top-column elementor-element elementor-element-2bc7265\" data-id=\"2bc7265\" data-element_type=\"column\">\n\t\t\t<div class=\"elementor-widget-wrap elementor-element-populated\">\n\t\t\t\t\t\t\t\t<div class=\"elementor-element elementor-element-8857114 elementor-widget elementor-widget-theme-site-logo elementor-widget-image\" data-id=\"8857114\" data-element_type=\"widget\" data-widget_type=\"theme-site-logo.default\">\n\t\t\t\t<div class=\"elementor-widget-container\">\n\t\t\t\t\t\t\t\t\t\t\t<a href=\"https:\/\/alterlook.es\/es\">\n\t\t\t<img decoding=\"async\" width=\"800\" height=\"286\" src=\"https:\/\/alterlook.es\/wp-content\/uploads\/2021\/01\/LOGO-NEGRO-VERSION-1-1024x366.png\" class=\"attachment-large size-large wp-image-9331\" alt=\"\" srcset=\"https:\/\/alterlook.es\/wp-content\/uploads\/2021\/01\/LOGO-NEGRO-VERSION-1-1024x366.png 1024w, https:\/\/alterlook.es\/wp-content\/uploads\/2021\/01\/LOGO-NEGRO-VERSION-1-300x107.png 300w, https:\/\/alterlook.es\/wp-content\/uploads\/2021\/01\/LOGO-NEGRO-VERSION-1-768x275.png 768w, https:\/\/alterlook.es\/wp-content\/uploads\/2021\/01\/LOGO-NEGRO-VERSION-1-1536x550.png 1536w, https:\/\/alterlook.es\/wp-content\/uploads\/2021\/01\/LOGO-NEGRO-VERSION-1-2048x733.png 2048w, https:\/\/alterlook.es\/wp-content\/uploads\/2021\/01\/LOGO-NEGRO-VERSION-1-500x179.png 500w\" sizes=\"(max-width: 800px) 100vw, 800px\" \/>\t\t\t\t<\/a>\n\t\t\t\t\t\t\t\t\t\t\t<\/div>\n\t\t\t\t<\/div>\n\t\t\t\t<div class=\"elementor-element elementor-element-1342b9a elementor-widget elementor-widget-text-editor\" data-id=\"1342b9a\" data-element_type=\"widget\" data-widget_type=\"text-editor.default\">\n\t\t\t\t<div class=\"elementor-widget-container\">\n\t\t\t\t\t\t\t<p style=\"text-align: center;\">Belleza que inspira a una cosm\u00e9tica responsable<\/p>\t\t\t\t\t\t<\/div>\n\t\t\t\t<\/div>\n\t\t\t\t<div class=\"elementor-element elementor-element-870fabb elementor-widget elementor-widget-text-editor\" data-id=\"870fabb\" data-element_type=\"widget\" data-widget_type=\"text-editor.default\">\n\t\t\t\t<div class=\"elementor-widget-container\">\n\t\t\t\t\t\t\t<p>Somos <strong>ALTERLOOK<\/strong>, una empresa con sede en <strong>Barcelona<\/strong> dedicada a la creaci\u00f3n de <strong>productos capilares sostenibles<\/strong> desde <strong>2015<\/strong>. Nuestro equipo est\u00e1 formado por grandes <strong>profesionales del sector de la peluquer\u00eda<\/strong> que comparten la misma pasi\u00f3n por la <strong>innovaci\u00f3n<\/strong> y la <strong>sostenibilidad<\/strong>.<\/p><p>Nuestro objetivo es ofrecer <strong>productos capilares innovadores y diferenciados<\/strong> que respondan a las <strong>necesidades<\/strong> de los <strong>estilistas<\/strong> de hoy en d\u00eda, sin comprometer la <strong>sostenibilidad<\/strong> y el <strong>bienestar<\/strong> de las personas, los animales y el planeta. Nos enorgullece utilizar activos de <strong>origen org\u00e1nico<\/strong> para crear tratamientos de <strong>primera calidad<\/strong> y respetar siempre al <strong>medio ambiente<\/strong>.<\/p><p>En <strong>ALTERLOOK<\/strong>, respondemos a la necesidad de crear l\u00edneas capilares de <strong>vanguardia<\/strong> y libres de agentes <strong>t\u00f3xicos<\/strong> perjudiciales para el cabello y el medio ambiente. Nos comprometemos a ofrecer los mejores <strong>resultados<\/strong> al <strong>profesional de la peluquer\u00eda<\/strong>, sin comprometer la <strong>\u00e9tica<\/strong> y la <strong>responsabilidad ambiental<\/strong>.<\/p>\t\t\t\t\t\t<\/div>\n\t\t\t\t<\/div>\n\t\t\t\t<section class=\"elementor-section elementor-inner-section elementor-element elementor-element-cd70d1f elementor-section-boxed elementor-section-height-default elementor-section-height-default\" data-id=\"cd70d1f\" data-element_type=\"section\">\n\t\t\t\t\t\t<div class=\"elementor-container elementor-column-gap-default\">\n\t\t\t\t\t<div class=\"elementor-column elementor-col-50 elementor-inner-column elementor-element elementor-element-42584cd\" data-id=\"42584cd\" data-element_type=\"column\">\n\t\t\t<div class=\"elementor-widget-wrap elementor-element-populated\">\n\t\t\t\t\t\t\t\t<div class=\"elementor-element elementor-element-02dd175 elementor-widget elementor-widget-image\" data-id=\"02dd175\" data-element_type=\"widget\" data-widget_type=\"image.default\">\n\t\t\t\t<div class=\"elementor-widget-container\">\n\t\t\t\t\t\t\t\t\t\t\t\t\t\t\t<img decoding=\"async\" src=\"https:\/\/alterlookhair.com\/wp-content\/uploads\/2021\/03\/vegano_sw_border-1-1.png\" title=\"\" alt=\"\" loading=\"lazy\" \/>\t\t\t\t\t\t\t\t\t\t\t\t\t\t\t<\/div>\n\t\t\t\t<\/div>\n\t\t\t\t\t<\/div>\n\t\t<\/div>\n\t\t\t\t<div class=\"elementor-column elementor-col-50 elementor-inner-column elementor-element elementor-element-19d5971\" data-id=\"19d5971\" data-element_type=\"column\">\n\t\t\t<div class=\"elementor-widget-wrap elementor-element-populated\">\n\t\t\t\t\t\t\t\t<div class=\"elementor-element elementor-element-cd141f8 elementor-widget elementor-widget-image\" data-id=\"cd141f8\" data-element_type=\"widget\" data-widget_type=\"image.default\">\n\t\t\t\t<div class=\"elementor-widget-container\">\n\t\t\t\t\t\t\t\t\t\t\t\t\t\t\t<img decoding=\"async\" src=\"https:\/\/alterlookhair.com\/wp-content\/uploads\/2021\/03\/ICONO-CRUELTY-200X200.png\" title=\"\" alt=\"\" loading=\"lazy\" \/>\t\t\t\t\t\t\t\t\t\t\t\t\t\t\t<\/div>\n\t\t\t\t<\/div>\n\t\t\t\t\t<\/div>\n\t\t<\/div>\n\t\t\t\t\t\t\t<\/div>\n\t\t<\/section>\n\t\t\t\t\t<\/div>\n\t\t<\/div>\n\t\t\t\t\t\t\t<\/div>\n\t\t<\/section>\n\t\t\t\t<section class=\"elementor-section elementor-top-section elementor-element elementor-element-5ad3644 elementor-section-boxed elementor-section-height-default elementor-section-height-default\" data-id=\"5ad3644\" data-element_type=\"section\" data-settings=\"{&quot;background_background&quot;:&quot;classic&quot;}\">\n\t\t\t\t\t\t<div class=\"elementor-container elementor-column-gap-default\">\n\t\t\t\t\t<div class=\"elementor-column elementor-col-100 elementor-top-column elementor-element elementor-element-fdf896f\" data-id=\"fdf896f\" data-element_type=\"column\">\n\t\t\t<div class=\"elementor-widget-wrap elementor-element-populated\">\n\t\t\t\t\t\t\t\t<div class=\"elementor-element elementor-element-7f0c41b elementor-widget elementor-widget-spacer\" data-id=\"7f0c41b\" data-element_type=\"widget\" data-widget_type=\"spacer.default\">\n\t\t\t\t<div class=\"elementor-widget-container\">\n\t\t\t\t\t<div class=\"elementor-spacer\">\n\t\t\t<div class=\"elementor-spacer-inner\"><\/div>\n\t\t<\/div>\n\t\t\t\t<\/div>\n\t\t\t\t<\/div>\n\t\t\t\t\t<\/div>\n\t\t<\/div>\n\t\t\t\t\t\t\t<\/div>\n\t\t<\/section>\n\t\t\t\t<section class=\"elementor-section elementor-top-section elementor-element elementor-element-ca5220a elementor-section-stretched elementor-section-full_width elementor-section-height-default elementor-section-height-default\" data-id=\"ca5220a\" data-element_type=\"section\" data-settings=\"{&quot;stretch_section&quot;:&quot;section-stretched&quot;}\">\n\t\t\t\t\t\t<div class=\"elementor-container elementor-column-gap-default\">\n\t\t\t\t\t<div class=\"elementor-column elementor-col-100 elementor-top-column elementor-element elementor-element-a6a3d66\" data-id=\"a6a3d66\" data-element_type=\"column\">\n\t\t\t<div class=\"elementor-widget-wrap elementor-element-populated\">\n\t\t\t\t\t\t\t\t<section class=\"elementor-section elementor-inner-section elementor-element elementor-element-654063d elementor-section-boxed elementor-section-height-default elementor-section-height-default\" data-id=\"654063d\" data-element_type=\"section\">\n\t\t\t\t\t\t<div class=\"elementor-container elementor-column-gap-default\">\n\t\t\t\t\t<div class=\"elementor-column elementor-col-50 elementor-inner-column elementor-element elementor-element-d79ef82\" data-id=\"d79ef82\" data-element_type=\"column\">\n\t\t\t<div class=\"elementor-widget-wrap elementor-element-populated\">\n\t\t\t\t\t\t\t\t<div class=\"elementor-element elementor-element-5cd4480 elementor-widget-mobile__width-initial elementor-widget elementor-widget-heading\" data-id=\"5cd4480\" data-element_type=\"widget\" data-widget_type=\"heading.default\">\n\t\t\t\t<div class=\"elementor-widget-container\">\n\t\t\t<h2 class=\"elementor-heading-title elementor-size-default\">Misi\u00f3n<\/h2>\t\t<\/div>\n\t\t\t\t<\/div>\n\t\t\t\t<div class=\"elementor-element elementor-element-a617647 elementor-widget elementor-widget-text-editor\" data-id=\"a617647\" data-element_type=\"widget\" data-widget_type=\"text-editor.default\">\n\t\t\t\t<div class=\"elementor-widget-container\">\n\t\t\t\t\t\t\t<p>Hacer posible la <strong>belleza sostenible<\/strong> y <strong>respetuosa<\/strong> con los animales y el medio ambiente. Nos comprometemos a crear productos de <strong>alta calidad<\/strong>, elaborados con ingredientes <strong>naturales certificados<\/strong>, <strong>libres de agentes perjudiciales<\/strong> y <strong>sin crueldad animal<\/strong>. Nos esforzamos por cuidar tanto el <strong>bienestar<\/strong> de nuestros clientes como el del planeta, a trav\u00e9s de <strong>pr\u00e1cticas de producci\u00f3n sostenibles y responsables<\/strong>.<\/p>\t\t\t\t\t\t<\/div>\n\t\t\t\t<\/div>\n\t\t\t\t\t<\/div>\n\t\t<\/div>\n\t\t\t\t<div class=\"elementor-column elementor-col-50 elementor-inner-column elementor-element elementor-element-cfe90ee\" data-id=\"cfe90ee\" data-element_type=\"column\">\n\t\t\t<div class=\"elementor-widget-wrap elementor-element-populated\">\n\t\t\t\t\t\t\t\t<div class=\"elementor-element elementor-element-363e76f elementor-widget-mobile__width-initial elementor-widget elementor-widget-heading\" data-id=\"363e76f\" data-element_type=\"widget\" data-widget_type=\"heading.default\">\n\t\t\t\t<div class=\"elementor-widget-container\">\n\t\t\t<h2 class=\"elementor-heading-title elementor-size-default\">Visi\u00f3n<\/h2>\t\t<\/div>\n\t\t\t\t<\/div>\n\t\t\t\t<div class=\"elementor-element elementor-element-c4cc34e elementor-widget elementor-widget-text-editor\" data-id=\"c4cc34e\" data-element_type=\"widget\" data-widget_type=\"text-editor.default\">\n\t\t\t\t<div class=\"elementor-widget-container\">\n\t\t\t\t\t\t\t<p>Queremos construir un mundo donde la belleza no requiera el <strong>sufrimiento animal<\/strong> y no comprometa tu <strong>salud<\/strong>. Deseamos ser <strong>l\u00edderes en la industria<\/strong>, demostrando que es posible crear productos de belleza <strong>excepcionales<\/strong> sin da\u00f1ar a los animales ni al medio ambiente. A <strong>corto plazo<\/strong>, nos enfocamos en <strong>expandir<\/strong> nuestra l\u00ednea de productos naturales y sostenibles, y a <strong>largo plazo<\/strong>, aspiramos a <strong>transformar la industria cosm\u00e9tica<\/strong> en su totalidad hacia <strong>pr\u00e1cticas \u00e9ticas y responsables<\/strong>.<\/p>\t\t\t\t\t\t<\/div>\n\t\t\t\t<\/div>\n\t\t\t\t\t<\/div>\n\t\t<\/div>\n\t\t\t\t\t\t\t<\/div>\n\t\t<\/section>\n\t\t\t\t<div class=\"elementor-element elementor-element-54e8390 elementor-widget-mobile__width-initial elementor-widget elementor-widget-heading\" data-id=\"54e8390\" data-element_type=\"widget\" data-widget_type=\"heading.default\">\n\t\t\t\t<div class=\"elementor-widget-container\">\n\t\t\t<h2 class=\"elementor-heading-title elementor-size-default\"> Valores<\/h2>\t\t<\/div>\n\t\t\t\t<\/div>\n\t\t\t\t<section class=\"elementor-section elementor-inner-section elementor-element elementor-element-a796230 elementor-section-boxed elementor-section-height-default elementor-section-height-default\" data-id=\"a796230\" data-element_type=\"section\">\n\t\t\t\t\t\t<div class=\"elementor-container elementor-column-gap-default\">\n\t\t\t\t\t<div class=\"elementor-column elementor-col-50 elementor-inner-column elementor-element elementor-element-bec88e9\" data-id=\"bec88e9\" data-element_type=\"column\">\n\t\t\t<div class=\"elementor-widget-wrap elementor-element-populated\">\n\t\t\t\t\t\t\t\t<div class=\"elementor-element elementor-element-7a87a0c elementor-view-default elementor-position-top elementor-mobile-position-top elementor-widget elementor-widget-icon-box\" data-id=\"7a87a0c\" data-element_type=\"widget\" data-widget_type=\"icon-box.default\">\n\t\t\t\t<div class=\"elementor-widget-container\">\n\t\t\t\t\t<div class=\"elementor-icon-box-wrapper\">\n\t\t\t\t\t\t<div class=\"elementor-icon-box-icon\">\n\t\t\t\t<span class=\"elementor-icon elementor-animation-\" >\n\t\t\t\t<i aria-hidden=\"true\" class=\"fas fa-leaf\"><\/i>\t\t\t\t<\/span>\n\t\t\t<\/div>\n\t\t\t\t\t\t<div class=\"elementor-icon-box-content\">\n\t\t\t\t<h3 class=\"elementor-icon-box-title\">\n\t\t\t\t\t<span  >\n\t\t\t\t\t\tSostenibilidad\t\t\t\t\t<\/span>\n\t\t\t\t<\/h3>\n\t\t\t\t\t\t\t\t\t<p class=\"elementor-icon-box-description\">\n\t\t\t\t\t\tNos preocupamos por el medio ambiente y creemos que es nuestra responsabilidad hacer nuestra parte para protegerlo. Es por eso que todos nuestros productos son sostenibles y utilizamos ingredientes naturales que son respetuosos con el medio ambiente. \t\t\t\t\t<\/p>\n\t\t\t\t\t\t\t<\/div>\n\t\t<\/div>\n\t\t\t\t<\/div>\n\t\t\t\t<\/div>\n\t\t\t\t\t<\/div>\n\t\t<\/div>\n\t\t\t\t<div class=\"elementor-column elementor-col-50 elementor-inner-column elementor-element elementor-element-28274dd\" data-id=\"28274dd\" data-element_type=\"column\">\n\t\t\t<div class=\"elementor-widget-wrap elementor-element-populated\">\n\t\t\t\t\t\t\t\t<div class=\"elementor-element elementor-element-3c053cd elementor-view-default elementor-position-top elementor-mobile-position-top elementor-widget elementor-widget-icon-box\" data-id=\"3c053cd\" data-element_type=\"widget\" data-widget_type=\"icon-box.default\">\n\t\t\t\t<div class=\"elementor-widget-container\">\n\t\t\t\t\t<div class=\"elementor-icon-box-wrapper\">\n\t\t\t\t\t\t<div class=\"elementor-icon-box-icon\">\n\t\t\t\t<span class=\"elementor-icon elementor-animation-\" >\n\t\t\t\t<i aria-hidden=\"true\" class=\"fab fa-pagelines\"><\/i>\t\t\t\t<\/span>\n\t\t\t<\/div>\n\t\t\t\t\t\t<div class=\"elementor-icon-box-content\">\n\t\t\t\t<h3 class=\"elementor-icon-box-title\">\n\t\t\t\t\t<span  >\n\t\t\t\t\t\t\u00c9tica y compromiso\t\t\t\t\t<\/span>\n\t\t\t\t<\/h3>\n\t\t\t\t\t\t\t\t\t<p class=\"elementor-icon-box-description\">\n\t\t\t\t\t\tNos comprometemos a no utilizar productos que involucren la crueldad animal en ninguna etapa de la producci\u00f3n. Nos aseguramos de que todos nuestros productos sean veganos y libres de crueldad animal.\t\t\t\t\t<\/p>\n\t\t\t\t\t\t\t<\/div>\n\t\t<\/div>\n\t\t\t\t<\/div>\n\t\t\t\t<\/div>\n\t\t\t\t\t<\/div>\n\t\t<\/div>\n\t\t\t\t\t\t\t<\/div>\n\t\t<\/section>\n\t\t\t\t<section class=\"elementor-section elementor-inner-section elementor-element elementor-element-5f85b84 elementor-section-boxed elementor-section-height-default elementor-section-height-default\" data-id=\"5f85b84\" data-element_type=\"section\">\n\t\t\t\t\t\t<div class=\"elementor-container elementor-column-gap-default\">\n\t\t\t\t\t<div class=\"elementor-column elementor-col-50 elementor-inner-column elementor-element elementor-element-312a179\" data-id=\"312a179\" data-element_type=\"column\">\n\t\t\t<div class=\"elementor-widget-wrap elementor-element-populated\">\n\t\t\t\t\t\t\t\t<div class=\"elementor-element elementor-element-a90a12f elementor-view-default elementor-position-top elementor-mobile-position-top elementor-widget elementor-widget-icon-box\" data-id=\"a90a12f\" data-element_type=\"widget\" data-widget_type=\"icon-box.default\">\n\t\t\t\t<div class=\"elementor-widget-container\">\n\t\t\t\t\t<div class=\"elementor-icon-box-wrapper\">\n\t\t\t\t\t\t<div class=\"elementor-icon-box-icon\">\n\t\t\t\t<span class=\"elementor-icon elementor-animation-\" >\n\t\t\t\t<i aria-hidden=\"true\" class=\"fas fa-microscope\"><\/i>\t\t\t\t<\/span>\n\t\t\t<\/div>\n\t\t\t\t\t\t<div class=\"elementor-icon-box-content\">\n\t\t\t\t<h3 class=\"elementor-icon-box-title\">\n\t\t\t\t\t<span  >\n\t\t\t\t\t\tCalidad e INNOVACI\u00d3N\t\t\t\t\t<\/span>\n\t\t\t\t<\/h3>\n\t\t\t\t\t\t\t\t\t<p class=\"elementor-icon-box-description\">\n\t\t\t\t\t\tQueremos que nuestros clientes sientan la diferencia en la calidad de nuestros productos. Adem\u00e1s, como una marca innovadora, siempre estamos buscando maneras de mejorar y diferenciarnos de la competencia. \t\t\t\t\t<\/p>\n\t\t\t\t\t\t\t<\/div>\n\t\t<\/div>\n\t\t\t\t<\/div>\n\t\t\t\t<\/div>\n\t\t\t\t\t<\/div>\n\t\t<\/div>\n\t\t\t\t<div class=\"elementor-column elementor-col-50 elementor-inner-column elementor-element elementor-element-9e2eb80\" data-id=\"9e2eb80\" data-element_type=\"column\">\n\t\t\t<div class=\"elementor-widget-wrap elementor-element-populated\">\n\t\t\t\t\t\t\t\t<div class=\"elementor-element elementor-element-6643d2a elementor-view-default elementor-position-top elementor-mobile-position-top elementor-widget elementor-widget-icon-box\" data-id=\"6643d2a\" data-element_type=\"widget\" data-widget_type=\"icon-box.default\">\n\t\t\t\t<div class=\"elementor-widget-container\">\n\t\t\t\t\t<div class=\"elementor-icon-box-wrapper\">\n\t\t\t\t\t\t<div class=\"elementor-icon-box-icon\">\n\t\t\t\t<span class=\"elementor-icon elementor-animation-\" >\n\t\t\t\t<i aria-hidden=\"true\" class=\"fas fa-flask\"><\/i>\t\t\t\t<\/span>\n\t\t\t<\/div>\n\t\t\t\t\t\t<div class=\"elementor-icon-box-content\">\n\t\t\t\t<h3 class=\"elementor-icon-box-title\">\n\t\t\t\t\t<span  >\n\t\t\t\t\t\tCompromiso con la salud\t\t\t\t\t<\/span>\n\t\t\t\t<\/h3>\n\t\t\t\t\t\t\t\t\t<p class=\"elementor-icon-box-description\">\n\t\t\t\t\t\tNos preocupamos por la salud de nuestros clientes y nos aseguramos de que todos nuestros productos sean seguros y no perjudiquen su salud.\t\t\t\t\t<\/p>\n\t\t\t\t\t\t\t<\/div>\n\t\t<\/div>\n\t\t\t\t<\/div>\n\t\t\t\t<\/div>\n\t\t\t\t\t<\/div>\n\t\t<\/div>\n\t\t\t\t\t\t\t<\/div>\n\t\t<\/section>\n\t\t\t\t<div class=\"elementor-element elementor-element-59092e8 elementor-widget elementor-widget-text-editor\" data-id=\"59092e8\" data-element_type=\"widget\" data-widget_type=\"text-editor.default\">\n\t\t\t\t<div class=\"elementor-widget-container\">\n\t\t\t\t\t\t\t<p style=\"text-align: center;\"><span class=\"TextRun SCXW70938808 BCX0\" lang=\"ES-ES\" xml:lang=\"ES-ES\" data-contrast=\"none\"><span class=\"NormalTextRun SCXW70938808 BCX0\">Estos valores son esenciales para nosotros como marca, y nos esforzamos por cumplirlos cada d\u00eda en todo lo que hacemos. Como <\/span><span class=\"NormalTextRun SpellingErrorV2Themed SCXW70938808 BCX0\">Alterlook<\/span><span class=\"NormalTextRun SCXW70938808 BCX0\">, queremos ser l\u00edderes en la industria de la cosm\u00e9tica capilar, no solo en t\u00e9rminos de calidad y sostenibilidad, sino tambi\u00e9n en t\u00e9rminos de \u00e9tica y compromiso social.<\/span><\/span><span class=\"EOP SCXW70938808 BCX0\" data-ccp-props=\"{&quot;201341983&quot;:0,&quot;335559685&quot;:0,&quot;335559739&quot;:160,&quot;335559740&quot;:259}\">\u00a0<\/span><\/p>\t\t\t\t\t\t<\/div>\n\t\t\t\t<\/div>\n\t\t\t\t\t<\/div>\n\t\t<\/div>\n\t\t\t\t\t\t\t<\/div>\n\t\t<\/section>\n\t\t\t\t<section class=\"elementor-section elementor-top-section elementor-element elementor-element-fc43b7f elementor-section-boxed elementor-section-height-default elementor-section-height-default\" data-id=\"fc43b7f\" data-element_type=\"section\" data-settings=\"{&quot;background_background&quot;:&quot;classic&quot;}\">\n\t\t\t\t\t\t<div class=\"elementor-container elementor-column-gap-default\">\n\t\t\t\t\t<div class=\"elementor-column elementor-col-100 elementor-top-column elementor-element elementor-element-940edb2\" data-id=\"940edb2\" data-element_type=\"column\">\n\t\t\t<div class=\"elementor-widget-wrap elementor-element-populated\">\n\t\t\t\t\t\t\t\t<div class=\"elementor-element elementor-element-f2578d3 elementor-widget elementor-widget-spacer\" data-id=\"f2578d3\" data-element_type=\"widget\" data-widget_type=\"spacer.default\">\n\t\t\t\t<div class=\"elementor-widget-container\">\n\t\t\t\t\t<div class=\"elementor-spacer\">\n\t\t\t<div class=\"elementor-spacer-inner\"><\/div>\n\t\t<\/div>\n\t\t\t\t<\/div>\n\t\t\t\t<\/div>\n\t\t\t\t\t<\/div>\n\t\t<\/div>\n\t\t\t\t\t\t\t<\/div>\n\t\t<\/section>\n\t\t\t\t\t\t\t<\/div>\n\t\t","protected":false},"excerpt":{"rendered":"<p>Belleza que inspira a una cosm\u00e9tica responsable Somos ALTERLOOK, una empresa con sede en Barcelona dedicada a la creaci\u00f3n de productos capilares sostenibles desde 2015. Nuestro equipo est\u00e1 formado por grandes profesionales del sector de la peluquer\u00eda que comparten la misma pasi\u00f3n por la innovaci\u00f3n y la sostenibilidad. Nuestro objetivo es ofrecer productos capilares innovadores [&hellip;]<\/p>\n","protected":false},"author":1,"featured_media":0,"parent":0,"menu_order":0,"comment_status":"closed","ping_status":"closed","template":"","meta":[],"_links":{"self":[{"href":"https:\/\/alterlook.es\/es\/wp-json\/wp\/v2\/pages\/5314"}],"collection":[{"href":"https:\/\/alterlook.es\/es\/wp-json\/wp\/v2\/pages"}],"about":[{"href":"https:\/\/alterlook.es\/es\/wp-json\/wp\/v2\/types\/page"}],"author":[{"embeddable":true,"href":"https:\/\/alterlook.es\/es\/wp-json\/wp\/v2\/users\/1"}],"replies":[{"embeddable":true,"href":"https:\/\/alterlook.es\/es\/wp-json\/wp\/v2\/comments?post=5314"}],"version-history":[{"count":101,"href":"https:\/\/alterlook.es\/es\/wp-json\/wp\/v2\/pages\/5314\/revisions"}],"predecessor-version":[{"id":11376,"href":"https:\/\/alterlook.es\/es\/wp-json\/wp\/v2\/pages\/5314\/revisions\/11376"}],"wp:attachment":[{"href":"https:\/\/alterlook.es\/es\/wp-json\/wp\/v2\/media?parent=5314"}],"curies":[{"name":"wp","href":"https:\/\/api.w.org\/{rel}","templated":true}]}}