{"id":4418,"date":"2021-01-11T15:26:57","date_gmt":"2021-01-11T15:26:57","guid":{"rendered":"https:\/\/alterlookhair.com\/my-account-2"},"modified":"2025-01-21T13:24:11","modified_gmt":"2025-01-21T13:24:11","slug":"mi-cuenta","status":"publish","type":"page","link":"https:\/\/alterlook.es\/es\/mi-cuenta","title":{"rendered":"Mi cuenta"},"content":{"rendered":"\t\t<div data-elementor-type=\"wp-page\" data-elementor-id=\"4418\" class=\"elementor elementor-4418\">\n\t\t\t\t\t\t\t\t\t<section class=\"elementor-section elementor-top-section elementor-element elementor-element-796de36c elementor-section-boxed elementor-section-height-default elementor-section-height-default\" data-id=\"796de36c\" data-element_type=\"section\">\n\t\t\t\t\t\t<div class=\"elementor-container elementor-column-gap-default\">\n\t\t\t\t\t<div class=\"elementor-column elementor-col-100 elementor-top-column elementor-element elementor-element-601191a7\" data-id=\"601191a7\" data-element_type=\"column\">\n\t\t\t<div class=\"elementor-widget-wrap elementor-element-populated\">\n\t\t\t\t\t\t\t\t<div class=\"elementor-element elementor-element-b810aec elementor-widget elementor-widget-heading\" data-id=\"b810aec\" data-element_type=\"widget\" data-widget_type=\"heading.default\">\n\t\t\t\t<div class=\"elementor-widget-container\">\n\t\t\t<h2 class=\"elementor-heading-title elementor-size-default\">Mi cuenta<\/h2>\t\t<\/div>\n\t\t\t\t<\/div>\n\t\t\t\t<div class=\"elementor-element elementor-element-1e5e929 e-my-account-tabs-vertical elementor-widget elementor-widget-woocommerce-my-account\" data-id=\"1e5e929\" data-element_type=\"widget\" data-settings=\"{&quot;tables_button_hover_animation&quot;:&quot;pulse&quot;}\" data-widget_type=\"woocommerce-my-account.default\">\n\t\t\t\t<div class=\"elementor-widget-container\">\n\t\t\t<div class=\"e-my-account-tab e-my-account-tab__ \">\t\t\t<span class=\"elementor-hidden\">[woocommerce_my_account]<\/span>\n\t\t\t<div class=\"woocommerce\"><\/div>\t\t<\/div>\n\t\t\t\t<\/div>\n\t\t\t\t<\/div>\n\t\t\t\t\t<\/div>\n\t\t<\/div>\n\t\t\t\t\t\t\t<\/div>\n\t\t<\/section>\n\t\t\t\t\t\t\t<\/div>\n\t\t","protected":false},"excerpt":{"rendered":"<p>Mi cuenta Panel de Control Pedidos Descargas Direcciones M\u00e9todos de pago Detalles de mi cuenta Cerrar sesi\u00f3n Hola Edgar Ondo\u00f1o (\u00bfno eres Edgar Ondo\u00f1o? Cerrar sesi\u00f3n) Desde el escritorio de tu cuenta puedes ver tus pedidos recientes, gestionar tus direcciones de env\u00edo y facturaci\u00f3n y editar tu contrase\u00f1a y los detalles de tu cuenta.<\/p>\n","protected":false},"author":1,"featured_media":0,"parent":0,"menu_order":0,"comment_status":"closed","ping_status":"closed","template":"elementor_header_footer","meta":[],"_links":{"self":[{"href":"https:\/\/alterlook.es\/es\/wp-json\/wp\/v2\/pages\/4418"}],"collection":[{"href":"https:\/\/alterlook.es\/es\/wp-json\/wp\/v2\/pages"}],"about":[{"href":"https:\/\/alterlook.es\/es\/wp-json\/wp\/v2\/types\/page"}],"author":[{"embeddable":true,"href":"https:\/\/alterlook.es\/es\/wp-json\/wp\/v2\/users\/1"}],"replies":[{"embeddable":true,"href":"https:\/\/alterlook.es\/es\/wp-json\/wp\/v2\/comments?post=4418"}],"version-history":[{"count":23,"href":"https:\/\/alterlook.es\/es\/wp-json\/wp\/v2\/pages\/4418\/revisions"}],"predecessor-version":[{"id":11372,"href":"https:\/\/alterlook.es\/es\/wp-json\/wp\/v2\/pages\/4418\/revisions\/11372"}],"wp:attachment":[{"href":"https:\/\/alterlook.es\/es\/wp-json\/wp\/v2\/media?parent=4418"}],"curies":[{"name":"wp","href":"https:\/\/api.w.org\/{rel}","templated":true}]}}