{"id":3226,"date":"2020-03-16T10:34:21","date_gmt":"2020-03-16T10:34:21","guid":{"rendered":"https:\/\/alterlookhair.com\/?page_id=3226"},"modified":"2025-01-21T13:19:49","modified_gmt":"2025-01-21T13:19:49","slug":"black-shine-decoloracion-negra","status":"publish","type":"page","link":"https:\/\/alterlook.es\/es\/black-shine-decoloracion-negra","title":{"rendered":"[BLACK SHINE] El poder de la decoloraci\u00f3n negra"},"content":{"rendered":"\t\t<div data-elementor-type=\"wp-post\" data-elementor-id=\"3226\" class=\"elementor elementor-3226\">\n\t\t\t\t\t\t\t\t\t<section class=\"elementor-section elementor-top-section elementor-element elementor-element-bb3a4e1 elementor-section-stretched elementor-section-full_width elementor-section-height-min-height elementor-section-height-default elementor-section-items-middle\" data-id=\"bb3a4e1\" data-element_type=\"section\" data-settings=\"{&quot;stretch_section&quot;:&quot;section-stretched&quot;,&quot;background_background&quot;:&quot;video&quot;,&quot;background_video_link&quot;:&quot;https:\\\/\\\/youtu.be\\\/Hxk-Z1aGgkQ&quot;,&quot;background_video_end&quot;:35}\">\n\t\t\t\t\t\t\t\t<div class=\"elementor-background-video-container elementor-hidden-phone\">\n\t\t\t\t\t\t\t\t\t\t\t\t\t<div class=\"elementor-background-video-embed\"><\/div>\n\t\t\t\t\t\t\t\t\t\t\t\t<\/div>\n\t\t\t\t\t\t\t\t<div class=\"elementor-container elementor-column-gap-default\">\n\t\t\t\t\t<div class=\"elementor-column elementor-col-100 elementor-top-column elementor-element elementor-element-44325d4\" data-id=\"44325d4\" data-element_type=\"column\">\n\t\t\t<div class=\"elementor-widget-wrap elementor-element-populated\">\n\t\t\t\t\t\t\t\t<div class=\"elementor-element elementor-element-fd51cac elementor-widget elementor-widget-heading\" data-id=\"fd51cac\" data-element_type=\"widget\" data-widget_type=\"heading.default\">\n\t\t\t\t<div class=\"elementor-widget-container\">\n\t\t\t<h2 class=\"elementor-heading-title elementor-size-default\">[<b>BLACK<\/b> SHINE]<br>\n\nEL PODER DE LA DECOLORACI\u00d3N <b>OSCURA<\/b><\/h2>\t\t<\/div>\n\t\t\t\t<\/div>\n\t\t\t\t<div class=\"elementor-element elementor-element-3e50b09 elementor-widget elementor-widget-text-editor\" data-id=\"3e50b09\" data-element_type=\"widget\" data-widget_type=\"text-editor.default\">\n\t\t\t\t<div class=\"elementor-widget-container\">\n\t\t\t\t\t\t\t<p>Aclara hasta 9 Tonos<\/p>\t\t\t\t\t\t<\/div>\n\t\t\t\t<\/div>\n\t\t\t\t\t<\/div>\n\t\t<\/div>\n\t\t\t\t\t\t\t<\/div>\n\t\t<\/section>\n\t\t\t\t<section class=\"elementor-section elementor-top-section elementor-element elementor-element-a24bf1f elementor-section-boxed elementor-section-height-default elementor-section-height-default\" data-id=\"a24bf1f\" data-element_type=\"section\">\n\t\t\t\t\t\t<div class=\"elementor-container elementor-column-gap-default\">\n\t\t\t\t\t<div class=\"elementor-column elementor-col-100 elementor-top-column elementor-element elementor-element-13438a3\" data-id=\"13438a3\" data-element_type=\"column\">\n\t\t\t<div class=\"elementor-widget-wrap elementor-element-populated\">\n\t\t\t\t\t\t\t\t<div class=\"elementor-element elementor-element-01dd995 elementor-widget elementor-widget-heading\" data-id=\"01dd995\" data-element_type=\"widget\" data-widget_type=\"heading.default\">\n\t\t\t\t<div class=\"elementor-widget-container\">\n\t\t\t<h2 class=\"elementor-heading-title elementor-size-default\">[BLACK SHINE] es la revolucionaria decoloraci\u00f3n negra que aclara hasta 9 tonos, superando los resultados de las decoloraciones convencionales. <\/h2>\t\t<\/div>\n\t\t\t\t<\/div>\n\t\t\t\t<div class=\"elementor-element elementor-element-6ccf145 elementor-widget elementor-widget-heading\" data-id=\"6ccf145\" data-element_type=\"widget\" data-widget_type=\"heading.default\">\n\t\t\t\t<div class=\"elementor-widget-container\">\n\t\t\t<h4 class=\"elementor-heading-title elementor-size-default\">Su f\u00f3rmula exclusiva con pigmentaci\u00f3n oscura <b>neutraliza<\/b> de manera m\u00e1s efectiva los <b>tonos <\/b>amarillos indeseados, brindando un resultado de <b>color m\u00e1s puro y uniforme<\/b>.<\/h4>\t\t<\/div>\n\t\t\t\t<\/div>\n\t\t\t\t<div class=\"elementor-element elementor-element-a008af8 elementor-align-center elementor-widget elementor-widget-button\" data-id=\"a008af8\" data-element_type=\"widget\" data-widget_type=\"button.default\">\n\t\t\t\t<div class=\"elementor-widget-container\">\n\t\t\t\t\t<div class=\"elementor-button-wrapper\">\n\t\t\t<a class=\"elementor-button elementor-button-link elementor-size-lg\" href=\"https:\/\/alterlookhair.com\/pagina-intermedia-registro\">\n\t\t\t\t\t\t<span class=\"elementor-button-content-wrapper\">\n\t\t\t\t\t\t<span class=\"elementor-button-text\">VENTA PROFESIONAL<\/span>\n\t\t<\/span>\n\t\t\t\t\t<\/a>\n\t\t<\/div>\n\t\t\t\t<\/div>\n\t\t\t\t<\/div>\n\t\t\t\t\t<\/div>\n\t\t<\/div>\n\t\t\t\t\t\t\t<\/div>\n\t\t<\/section>\n\t\t\t\t<section class=\"elementor-section elementor-top-section elementor-element elementor-element-57ac8da elementor-reverse-mobile elementor-section-boxed elementor-section-height-default elementor-section-height-default\" data-id=\"57ac8da\" data-element_type=\"section\">\n\t\t\t\t\t\t<div class=\"elementor-container elementor-column-gap-default\">\n\t\t\t\t\t<div class=\"elementor-column elementor-col-50 elementor-top-column elementor-element elementor-element-0dd1790\" data-id=\"0dd1790\" data-element_type=\"column\">\n\t\t\t<div class=\"elementor-widget-wrap elementor-element-populated\">\n\t\t\t\t\t\t\t\t<div class=\"elementor-element elementor-element-7111551 elementor-widget elementor-widget-text-editor\" data-id=\"7111551\" data-element_type=\"widget\" data-widget_type=\"text-editor.default\">\n\t\t\t\t<div class=\"elementor-widget-container\">\n\t\t\t\t\t\t\t<ul><li>Este producto profesional incorpora el innovador <strong>Bond Protector (PLEX)<\/strong> y <strong>Aceite de Arg\u00e1n Org\u00e1nico<\/strong>, una combinaci\u00f3n poderosa que suaviza y protege los enlaces estructurales del cabello, reduciendo significativamente el riesgo de da\u00f1os y roturas durante el proceso de decoloraci\u00f3n.<br \/><br \/><\/li><li>Adem\u00e1s de sus beneficios para la salud del cabello, <strong>[BLACK SHINE]<\/strong> ofrece una experiencia m\u00e1s agradable gracias a su <strong>baja liberaci\u00f3n de olor a amoniaco<\/strong>. Es ideal tanto para aclarar parcial como totalmente el cabello, adapt\u00e1ndose a todos los tipos de mechas y estilos de coloraci\u00f3n.<br \/><br \/><\/li><li>Su <strong>textura homog\u00e9nea y densa<\/strong> facilita su mezcla, evitando la generaci\u00f3n de polvos vol\u00e1tiles y proporcionando un entorno de trabajo m\u00e1s limpio y seguro. Con <strong>[BLACK SHINE]<\/strong>, podr\u00e1s lograr resultados profesionales de forma m\u00e1s eficiente y sin comprometer la calidad ni la integridad del cabello.<\/li><\/ul>\t\t\t\t\t\t<\/div>\n\t\t\t\t<\/div>\n\t\t\t\t\t<\/div>\n\t\t<\/div>\n\t\t\t\t<div class=\"elementor-column elementor-col-50 elementor-top-column elementor-element elementor-element-88b3bed\" data-id=\"88b3bed\" data-element_type=\"column\">\n\t\t\t<div class=\"elementor-widget-wrap elementor-element-populated\">\n\t\t\t\t\t\t\t\t<div class=\"elementor-element elementor-element-22eb47f elementor-widget elementor-widget-image\" data-id=\"22eb47f\" data-element_type=\"widget\" data-widget_type=\"image.default\">\n\t\t\t\t<div class=\"elementor-widget-container\">\n\t\t\t\t\t\t\t\t\t\t\t\t\t\t\t<img decoding=\"async\" width=\"768\" height=\"768\" src=\"https:\/\/alterlook.es\/wp-content\/uploads\/2020\/05\/DECOLORACION-NEGRA-BLACK-SHINE-ALTERLOOK-1-768x768.png\" class=\"attachment-medium_large size-medium_large wp-image-5313\" alt=\"\" srcset=\"https:\/\/alterlook.es\/wp-content\/uploads\/2020\/05\/DECOLORACION-NEGRA-BLACK-SHINE-ALTERLOOK-1-768x768.png 768w, https:\/\/alterlook.es\/wp-content\/uploads\/2020\/05\/DECOLORACION-NEGRA-BLACK-SHINE-ALTERLOOK-1-300x300.png 300w, https:\/\/alterlook.es\/wp-content\/uploads\/2020\/05\/DECOLORACION-NEGRA-BLACK-SHINE-ALTERLOOK-1-150x150.png 150w, https:\/\/alterlook.es\/wp-content\/uploads\/2020\/05\/DECOLORACION-NEGRA-BLACK-SHINE-ALTERLOOK-1-299x299.png 299w, https:\/\/alterlook.es\/wp-content\/uploads\/2020\/05\/DECOLORACION-NEGRA-BLACK-SHINE-ALTERLOOK-1-500x500.png 500w, https:\/\/alterlook.es\/wp-content\/uploads\/2020\/05\/DECOLORACION-NEGRA-BLACK-SHINE-ALTERLOOK-1-100x100.png 100w, https:\/\/alterlook.es\/wp-content\/uploads\/2020\/05\/DECOLORACION-NEGRA-BLACK-SHINE-ALTERLOOK-1.png 800w\" sizes=\"(max-width: 768px) 100vw, 768px\" \/>\t\t\t\t\t\t\t\t\t\t\t\t\t\t\t<\/div>\n\t\t\t\t<\/div>\n\t\t\t\t\t<\/div>\n\t\t<\/div>\n\t\t\t\t\t\t\t<\/div>\n\t\t<\/section>\n\t\t\t\t<section class=\"elementor-section elementor-top-section elementor-element elementor-element-f9c7e8c elementor-section-full_width elementor-section-height-min-height elementor-section-stretched elementor-section-height-default elementor-section-items-middle\" data-id=\"f9c7e8c\" data-element_type=\"section\" data-settings=\"{&quot;stretch_section&quot;:&quot;section-stretched&quot;,&quot;background_background&quot;:&quot;classic&quot;}\">\n\t\t\t\t\t\t<div class=\"elementor-container elementor-column-gap-default\">\n\t\t\t\t\t<div class=\"elementor-column elementor-col-50 elementor-top-column elementor-element elementor-element-dd16ac8\" data-id=\"dd16ac8\" data-element_type=\"column\" data-settings=\"{&quot;background_background&quot;:&quot;classic&quot;}\">\n\t\t\t<div class=\"elementor-widget-wrap elementor-element-populated\">\n\t\t\t\t\t\t\t\t<div class=\"elementor-element elementor-element-7abe395 elementor-widget elementor-widget-spacer\" data-id=\"7abe395\" data-element_type=\"widget\" data-widget_type=\"spacer.default\">\n\t\t\t\t<div class=\"elementor-widget-container\">\n\t\t\t\t\t<div class=\"elementor-spacer\">\n\t\t\t<div class=\"elementor-spacer-inner\"><\/div>\n\t\t<\/div>\n\t\t\t\t<\/div>\n\t\t\t\t<\/div>\n\t\t\t\t\t<\/div>\n\t\t<\/div>\n\t\t\t\t<div class=\"elementor-column elementor-col-50 elementor-top-column elementor-element elementor-element-4db433e\" data-id=\"4db433e\" data-element_type=\"column\">\n\t\t\t<div class=\"elementor-widget-wrap elementor-element-populated\">\n\t\t\t\t\t\t\t\t<div class=\"elementor-element elementor-element-995b835 elementor-blockquote--skin-quotation elementor-blockquote--align-center elementor-blockquote--button-color-official elementor-widget elementor-widget-blockquote\" data-id=\"995b835\" data-element_type=\"widget\" data-widget_type=\"blockquote.default\">\n\t\t\t\t<div class=\"elementor-widget-container\">\n\t\t\t\t\t<blockquote class=\"elementor-blockquote\">\n\t\t\t<p class=\"elementor-blockquote__content\">\n\t\t\t\tLa <b>pigmentaci\u00f3n negra<\/b> de<b> [BLACK SHINE] <\/b>potencia el enfriamiento del tono durante el aclaramiento, <b>excluyendo y neutralizando eficazmente los reflejos amarillos no deseados<\/b>. Esta caracter\u00edstica \u00fanica permite crear una base m\u00e1s neutra, brindando al profesional una <b>mayor seguridad al trabajar con ella<\/b>.\t\t\t<\/p>\n\t\t\t\t\t<\/blockquote>\n\t\t\t\t<\/div>\n\t\t\t\t<\/div>\n\t\t\t\t\t<\/div>\n\t\t<\/div>\n\t\t\t\t\t\t\t<\/div>\n\t\t<\/section>\n\t\t\t\t<section class=\"elementor-section elementor-top-section elementor-element elementor-element-89914df elementor-section-stretched elementor-section-boxed elementor-section-height-default elementor-section-height-default\" data-id=\"89914df\" data-element_type=\"section\" data-settings=\"{&quot;stretch_section&quot;:&quot;section-stretched&quot;,&quot;background_background&quot;:&quot;classic&quot;}\">\n\t\t\t\t\t\t<div class=\"elementor-container elementor-column-gap-default\">\n\t\t\t\t\t<div class=\"elementor-column elementor-col-100 elementor-top-column elementor-element elementor-element-faa4ca9\" data-id=\"faa4ca9\" data-element_type=\"column\">\n\t\t\t<div class=\"elementor-widget-wrap elementor-element-populated\">\n\t\t\t\t\t\t\t\t<section class=\"elementor-section elementor-inner-section elementor-element elementor-element-c639ea9 elementor-section-boxed elementor-section-height-default elementor-section-height-default\" data-id=\"c639ea9\" data-element_type=\"section\" data-settings=\"{&quot;background_background&quot;:&quot;classic&quot;}\">\n\t\t\t\t\t\t<div class=\"elementor-container elementor-column-gap-default\">\n\t\t\t\t\t<div class=\"elementor-column elementor-col-50 elementor-inner-column elementor-element elementor-element-f338a66\" data-id=\"f338a66\" data-element_type=\"column\" data-settings=\"{&quot;background_background&quot;:&quot;classic&quot;}\">\n\t\t\t<div class=\"elementor-widget-wrap elementor-element-populated\">\n\t\t\t\t\t\t\t\t<div class=\"elementor-element elementor-element-3481799 elementor-widget elementor-widget-heading\" data-id=\"3481799\" data-element_type=\"widget\" data-widget_type=\"heading.default\">\n\t\t\t\t<div class=\"elementor-widget-container\">\n\t\t\t<h2 class=\"elementor-heading-title elementor-size-default\">Cuidar el cabello es nuestra prioridad<\/h2>\t\t<\/div>\n\t\t\t\t<\/div>\n\t\t\t\t\t<\/div>\n\t\t<\/div>\n\t\t\t\t<div class=\"elementor-column elementor-col-50 elementor-inner-column elementor-element elementor-element-b33902e\" data-id=\"b33902e\" data-element_type=\"column\">\n\t\t\t<div class=\"elementor-widget-wrap elementor-element-populated\">\n\t\t\t\t\t\t\t\t<div class=\"elementor-element elementor-element-e95e904 elementor-widget elementor-widget-text-editor\" data-id=\"e95e904\" data-element_type=\"widget\" data-widget_type=\"text-editor.default\">\n\t\t\t\t<div class=\"elementor-widget-container\">\n\t\t\t\t\t\t\t<p>Gracias a la <strong>combinaci\u00f3n del activo Bond Protecci\u00f3n Plex<\/strong>, un complejo de alta tecnolog\u00eda cosm\u00e9tica, junto al <strong>aceite de arg\u00e1n org\u00e1nico<\/strong>, se favorece la adhesi\u00f3n de las mol\u00e9culas de agua al cabello para <strong>mantener el nivel de hidrataci\u00f3n adecuado en cualquier situaci\u00f3n<\/strong>. Esta mezcla crea una <strong>pel\u00edcula sobre el cabello<\/strong> que ejerce una <strong>acci\u00f3n protectora contra los agentes qu\u00edmicos<\/strong>.<\/p>\t\t\t\t\t\t<\/div>\n\t\t\t\t<\/div>\n\t\t\t\t\t<\/div>\n\t\t<\/div>\n\t\t\t\t\t\t\t<\/div>\n\t\t<\/section>\n\t\t\t\t\t<\/div>\n\t\t<\/div>\n\t\t\t\t\t\t\t<\/div>\n\t\t<\/section>\n\t\t\t\t<section class=\"elementor-section elementor-top-section elementor-element elementor-element-55feb65 elementor-section-full_width elementor-section-height-min-height elementor-section-height-default elementor-section-items-middle\" data-id=\"55feb65\" data-element_type=\"section\" data-settings=\"{&quot;background_background&quot;:&quot;classic&quot;}\">\n\t\t\t\t\t\t<div class=\"elementor-container elementor-column-gap-default\">\n\t\t\t\t\t<div class=\"elementor-column elementor-col-100 elementor-top-column elementor-element elementor-element-b8a8a9e\" data-id=\"b8a8a9e\" data-element_type=\"column\">\n\t\t\t<div class=\"elementor-widget-wrap elementor-element-populated\">\n\t\t\t\t\t\t\t\t<div class=\"elementor-element elementor-element-e5476fc elementor-widget elementor-widget-heading\" data-id=\"e5476fc\" data-element_type=\"widget\" data-widget_type=\"heading.default\">\n\t\t\t\t<div class=\"elementor-widget-container\">\n\t\t\t<h2 class=\"elementor-heading-title elementor-size-default\">Poder de un <b>Aclarado Superior<\/b><\/h2>\t\t<\/div>\n\t\t\t\t<\/div>\n\t\t\t\t<div class=\"elementor-element elementor-element-3d1d687 elementor-widget elementor-widget-text-editor\" data-id=\"3d1d687\" data-element_type=\"widget\" data-widget_type=\"text-editor.default\">\n\t\t\t\t<div class=\"elementor-widget-container\">\n\t\t\t\t\t\t\t<p>La <strong>exclusiva formulaci\u00f3n<\/strong> de nuestro producto permite un aclaramiento de hasta <strong>9 tonos de forma m\u00e1s r\u00e1pida y con resultados superiores<\/strong> en comparaci\u00f3n con otras decoloraciones. Nuestra decoloraci\u00f3n garantiza una <strong>calidad suprema<\/strong>, ayudando a crear <strong>tonos de mechas y rubios emblem\u00e1ticos<\/strong> con precisi\u00f3n y confianza.<\/p>\t\t\t\t\t\t<\/div>\n\t\t\t\t<\/div>\n\t\t\t\t<section class=\"elementor-section elementor-inner-section elementor-element elementor-element-5da517f elementor-reverse-mobile elementor-section-boxed elementor-section-height-default elementor-section-height-default\" data-id=\"5da517f\" data-element_type=\"section\">\n\t\t\t\t\t\t<div class=\"elementor-container elementor-column-gap-default\">\n\t\t\t\t\t<div class=\"elementor-column elementor-col-50 elementor-inner-column elementor-element elementor-element-6dfc8da\" data-id=\"6dfc8da\" data-element_type=\"column\">\n\t\t\t<div class=\"elementor-widget-wrap elementor-element-populated\">\n\t\t\t\t\t\t\t\t<div class=\"elementor-element elementor-element-b5cab68 elementor-widget elementor-widget-text-editor\" data-id=\"b5cab68\" data-element_type=\"widget\" data-widget_type=\"text-editor.default\">\n\t\t\t\t<div class=\"elementor-widget-container\">\n\t\t\t\t\t\t\t<ul><li><p style=\"text-align: left;\"><strong>Pigmentaci\u00f3n oscura que neutraliza los tonos amarillos no deseados:<\/strong> Nuestra f\u00f3rmula contiene una pigmentaci\u00f3n oscura exclusiva que neutraliza de manera efectiva los tonos amarillos no deseados, brindando un resultado de color m\u00e1s puro y vibrante.<\/p><\/li><li style=\"text-align: left;\"><p><strong>Poder de aclarado superior de hasta 9 tonos:<\/strong> Obt\u00e9n resultados de aclarado excepcionales con nuestro producto, que ofrece un poder de aclarado superior, permiti\u00e9ndote alcanzar hasta 9 tonos de aclaramiento.<\/p><\/li><li style=\"text-align: left;\"><p><strong>Incorpora Bond Protector (PLEX) para proteger y reparar la fibra capilar:<\/strong> Enriquecido con nuestro innovador Bond Protector (PLEX), nuestro producto protege y repara la fibra capilar durante el proceso de decoloraci\u00f3n, reduciendo significativamente el da\u00f1o y la rotura del cabello.<\/p><\/li><li style=\"text-align: left;\"><p><strong>Aceite de arg\u00e1n org\u00e1nico que acondiciona y nutre:<\/strong> Hemos incorporado aceite de arg\u00e1n org\u00e1nico en nuestra f\u00f3rmula para brindar beneficios adicionales a tu cabello. Este aceite acondiciona y nutre profundamente, dejando el cabello suave, sedoso y saludable.<\/p><\/li><li style=\"text-align: left;\"><p><strong>Polvo blanqueador no vol\u00e1til:<\/strong> Nuestro polvo blanqueador no vol\u00e1til asegura una experiencia de decoloraci\u00f3n m\u00e1s c\u00f3moda y segura al minimizar la liberaci\u00f3n de polvos en el aire.<\/p><\/li><li style=\"text-align: left;\"><p><strong>Masa homog\u00e9nea y densa, permite una f\u00e1cil mezcla:<\/strong> Nuestra f\u00f3rmula presenta una masa homog\u00e9nea y densa que facilita la mezcla, asegurando una aplicaci\u00f3n uniforme y controlada para lograr resultados precisos.<\/p><\/li><li><p style=\"text-align: left;\"><strong>Baja liberaci\u00f3n de olor a amon\u00edaco:<\/strong> Disfruta de una experiencia de decoloraci\u00f3n m\u00e1s agradable con nuestra baja liberaci\u00f3n de olor a amon\u00edaco, lo que permite una aplicaci\u00f3n m\u00e1s c\u00f3moda y menos desagradable.<\/p><\/li><\/ul>\t\t\t\t\t\t<\/div>\n\t\t\t\t<\/div>\n\t\t\t\t\t<\/div>\n\t\t<\/div>\n\t\t\t\t<div class=\"elementor-column elementor-col-50 elementor-inner-column elementor-element elementor-element-5475918\" data-id=\"5475918\" data-element_type=\"column\">\n\t\t\t<div class=\"elementor-widget-wrap elementor-element-populated\">\n\t\t\t\t\t\t\t\t<div class=\"elementor-element elementor-element-5042d27 elementor-widget elementor-widget-heading\" data-id=\"5042d27\" data-element_type=\"widget\" data-widget_type=\"heading.default\">\n\t\t\t\t<div class=\"elementor-widget-container\">\n\t\t\t<h2 class=\"elementor-heading-title elementor-size-default\">Principales <b>Ventajas<\/b><\/h2>\t\t<\/div>\n\t\t\t\t<\/div>\n\t\t\t\t\t<\/div>\n\t\t<\/div>\n\t\t\t\t\t\t\t<\/div>\n\t\t<\/section>\n\t\t\t\t\t<\/div>\n\t\t<\/div>\n\t\t\t\t\t\t\t<\/div>\n\t\t<\/section>\n\t\t\t\t<section class=\"elementor-section elementor-top-section elementor-element elementor-element-9fb6b56 elementor-section-boxed elementor-section-height-default elementor-section-height-default\" data-id=\"9fb6b56\" data-element_type=\"section\">\n\t\t\t\t\t\t<div class=\"elementor-container elementor-column-gap-default\">\n\t\t\t\t\t<div class=\"elementor-column elementor-col-50 elementor-top-column elementor-element elementor-element-c690c29\" data-id=\"c690c29\" data-element_type=\"column\" data-settings=\"{&quot;background_background&quot;:&quot;classic&quot;}\">\n\t\t\t<div class=\"elementor-widget-wrap elementor-element-populated\">\n\t\t\t\t\t\t\t\t<div class=\"elementor-element elementor-element-229f8a3 elementor-widget__width-initial elementor-widget elementor-widget-spacer\" data-id=\"229f8a3\" data-element_type=\"widget\" data-widget_type=\"spacer.default\">\n\t\t\t\t<div class=\"elementor-widget-container\">\n\t\t\t\t\t<div class=\"elementor-spacer\">\n\t\t\t<div class=\"elementor-spacer-inner\"><\/div>\n\t\t<\/div>\n\t\t\t\t<\/div>\n\t\t\t\t<\/div>\n\t\t\t\t\t<\/div>\n\t\t<\/div>\n\t\t\t\t<div class=\"elementor-column elementor-col-50 elementor-top-column elementor-element elementor-element-eb75940\" data-id=\"eb75940\" data-element_type=\"column\">\n\t\t\t<div class=\"elementor-widget-wrap elementor-element-populated\">\n\t\t\t\t\t\t\t\t<div class=\"elementor-element elementor-element-a5b900e elementor-widget elementor-widget-heading\" data-id=\"a5b900e\" data-element_type=\"widget\" data-widget_type=\"heading.default\">\n\t\t\t\t<div class=\"elementor-widget-container\">\n\t\t\t<h2 class=\"elementor-heading-title elementor-size-default\">Instrucciones de uso<\/h2>\t\t<\/div>\n\t\t\t\t<\/div>\n\t\t\t\t<div class=\"elementor-element elementor-element-de2b635 elementor-widget elementor-widget-text-editor\" data-id=\"de2b635\" data-element_type=\"widget\" data-widget_type=\"text-editor.default\">\n\t\t\t\t<div class=\"elementor-widget-container\">\n\t\t\t\t\t\t\t<ol><li><p>Mezcla la cantidad deseada de <strong>polvo decolorante<\/strong> con la <strong>loci\u00f3n activadora<\/strong> hasta obtener una <strong>crema suave<\/strong>.<\/p><\/li><li><p>Proporci\u00f3n variable de mezcla: <strong>1 parte de polvo decolorante<\/strong> y <strong>1.5 partes o 2 partes de loci\u00f3n activadora<\/strong>.<\/p><\/li><li><p>Tiempo de exposici\u00f3n: <strong>de 20 a 45 minutos<\/strong>.<\/p><\/li><li><p>Modo de empleo: Aplica inmediatamente el producto sobre el <strong>cabello seco y sin lavar<\/strong> una vez que hayas realizado la mezcla. Extiende la mezcla de manera <strong>uniforme y generosa<\/strong> para lograr un <strong>alto nivel de aclarado del cabello<\/strong>.<\/p><\/li><li><p>Pasado el tiempo de exposici\u00f3n, <strong>enjuaga completamente el producto<\/strong>, lava el cabello y procede al tratamiento adicional necesario.<\/p><\/li><\/ol>\t\t\t\t\t\t<\/div>\n\t\t\t\t<\/div>\n\t\t\t\t<div class=\"elementor-element elementor-element-5343e4c elementor-align-center elementor-widget elementor-widget-button\" data-id=\"5343e4c\" data-element_type=\"widget\" data-widget_type=\"button.default\">\n\t\t\t\t<div class=\"elementor-widget-container\">\n\t\t\t\t\t<div class=\"elementor-button-wrapper\">\n\t\t\t<a class=\"elementor-button elementor-button-link elementor-size-lg\" href=\"https:\/\/alterlookhair.com\/pagina-intermedia-registro\">\n\t\t\t\t\t\t<span class=\"elementor-button-content-wrapper\">\n\t\t\t\t\t\t<span class=\"elementor-button-text\">VENTA PROFESIONAL<\/span>\n\t\t<\/span>\n\t\t\t\t\t<\/a>\n\t\t<\/div>\n\t\t\t\t<\/div>\n\t\t\t\t<\/div>\n\t\t\t\t\t<\/div>\n\t\t<\/div>\n\t\t\t\t\t\t\t<\/div>\n\t\t<\/section>\n\t\t\t\t\t\t\t<\/div>\n\t\t","protected":false},"excerpt":{"rendered":"<p>Black Shine, la innovadora decoloraci\u00f3n negra con Blond Protecti\u00f3n PLEX y aceite de arg\u00e1n que aclara hasta 9 tonos y protege el cabello.  Su exclusiva pigmentaci\u00f3n oscura neutraliza de mejor forma los tonos amarillos no deseados. Ideal para aclarar parcial o totalmente el cabello y trabajar todos los tipos de mechas.<\/p>\n","protected":false},"author":1,"featured_media":3229,"parent":0,"menu_order":0,"comment_status":"closed","ping_status":"closed","template":"elementor_header_footer","meta":[],"_links":{"self":[{"href":"https:\/\/alterlook.es\/es\/wp-json\/wp\/v2\/pages\/3226"}],"collection":[{"href":"https:\/\/alterlook.es\/es\/wp-json\/wp\/v2\/pages"}],"about":[{"href":"https:\/\/alterlook.es\/es\/wp-json\/wp\/v2\/types\/page"}],"author":[{"embeddable":true,"href":"https:\/\/alterlook.es\/es\/wp-json\/wp\/v2\/users\/1"}],"replies":[{"embeddable":true,"href":"https:\/\/alterlook.es\/es\/wp-json\/wp\/v2\/comments?post=3226"}],"version-history":[{"count":242,"href":"https:\/\/alterlook.es\/es\/wp-json\/wp\/v2\/pages\/3226\/revisions"}],"predecessor-version":[{"id":11369,"href":"https:\/\/alterlook.es\/es\/wp-json\/wp\/v2\/pages\/3226\/revisions\/11369"}],"wp:featuredmedia":[{"embeddable":true,"href":"https:\/\/alterlook.es\/es\/wp-json\/wp\/v2\/media\/3229"}],"wp:attachment":[{"href":"https:\/\/alterlook.es\/es\/wp-json\/wp\/v2\/media?parent=3226"}],"curies":[{"name":"wp","href":"https:\/\/api.w.org\/{rel}","templated":true}]}}