{"id":3,"date":"2018-09-26T09:49:04","date_gmt":"2018-09-26T09:49:04","guid":{"rendered":"http:\/\/alterlookhair.com\/?page_id=3"},"modified":"2023-06-01T10:20:48","modified_gmt":"2023-06-01T10:20:48","slug":"privacy-policy","status":"publish","type":"page","link":"https:\/\/alterlook.es\/es\/privacy-policy","title":{"rendered":"Pol\u00edtica de Privacidad"},"content":{"rendered":"\t\t<div data-elementor-type=\"wp-page\" data-elementor-id=\"3\" class=\"elementor elementor-3\">\n\t\t\t\t\t\t\t\t\t<section class=\"elementor-section elementor-top-section elementor-element elementor-element-23d68421 elementor-section-boxed elementor-section-height-default elementor-section-height-default\" data-id=\"23d68421\" data-element_type=\"section\">\n\t\t\t\t\t\t<div class=\"elementor-container elementor-column-gap-default\">\n\t\t\t\t\t<div class=\"elementor-column elementor-col-100 elementor-top-column elementor-element elementor-element-47bad24f\" data-id=\"47bad24f\" data-element_type=\"column\">\n\t\t\t<div class=\"elementor-widget-wrap elementor-element-populated\">\n\t\t\t\t\t\t\t\t<div class=\"elementor-element elementor-element-7d528b6a elementor-widget elementor-widget-text-editor\" data-id=\"7d528b6a\" data-element_type=\"widget\" data-widget_type=\"text-editor.default\">\n\t\t\t\t<div class=\"elementor-widget-container\">\n\t\t\t\t\t\t\t<h1><strong>Pol\u00edtica de Privacidad<\/strong><\/h1><p>Para cumplir con el nuevo Reglamento General de Protecci\u00f3n de Datos (GDPR) hemos actualizado nuestra pol\u00edtica de privacidad.<\/p><p><strong>IDENTIFICACI\u00d3N<\/strong><\/p><ul><li>\u00a0<strong>Titular:<\/strong> PURE COSMETICS S.L.<\/li><li>\u00a0<strong>Domicilio social:<\/strong> Av. Josep Tarradellas, 38. Barcelona, Espa\u00f1a.<\/li><li>\u00a0<strong>CIF:<\/strong> B-10676419<\/li><li>\u00a0<strong>Tel\u00e9fono:<\/strong> +34 933 487 579<\/li><li>\u00a0<strong>E-mail:<\/strong> hola@alterlookhair.com<\/li><li>\u00a0<strong>Delegado de Protecci\u00f3n de Datos (DPO):<\/strong> puede contactar con nuestro DPO a trav\u00e9s de los siguientes medios:<\/li><li>\u00a0E-mail: hola@alterlookhair.com<\/li><li>\u00a0Direcci\u00f3n Av. Josep Tarradellas, 38. Barcelona, Espa\u00f1a.<\/li><\/ul><ol><li><strong>INFORMACI\u00d3N Y CONSENTIMIENTO<\/strong><\/li><\/ol><p>Mediante la lectura de la presente Pol\u00edtica de Privacidad, el Usuario queda informado sobre la forma en que PURE COSMETICS S.L. \u00a0recaba, trata y protege los datos de car\u00e1cter personal que le son facilitados a trav\u00e9s de los formularios dispuestos en el sitio webhttps:\/\/alterlookhair.com\/s (en adelante, el \u201cSitio Web\u201d), as\u00ed como los propios de su navegaci\u00f3n y aquellos otros datos que pueda facilitar en un futuro a PURE COSMETICS S.L. \u00a0<\/p><p>De conformidad con lo dispuesto en la legislaci\u00f3n vigente y aplicable en materia de protecci\u00f3n de datos de car\u00e1cter personal, mediante la aceptaci\u00f3n de la presente Pol\u00edtica de Privacidad, el usuario presta su consentimiento informado, expreso, libre e inequ\u00edvoco para que los datos personales que proporcione a trav\u00e9s del Sitio Web sean tratados por PURE COSMETICS S.L.., siendo \u00e9ste el Responsable del Tratamiento, salvo que, en el momento de la recogida de los mismos, se indique lo contrario.<\/p><p>El Usuario debe leer con atenci\u00f3n esta Pol\u00edtica de Privacidad, que ha sido redactada de forma clara y sencilla, para facilitar su comprensi\u00f3n, y determinar libre y voluntariamente si desea facilitar sus datos personales a PURE COSMETICS S.L.<\/p><ol><li><strong>OBLIGATORIEDAD DE FACILITAR LOS DATOS<\/strong><\/li><\/ol><p>Los datos solicitados en los formularios dispuestos en el Sitio Web son con car\u00e1cter general, obligatorios (salvo que en el campo requerido se especifique lo contrario) para cumplir con las finalidades establecidas.<\/p><p>Por lo tanto, si no se facilitan los mismos o no se facilitan correctamente no podr\u00e1n atenderse las solicitudes de los usuarios.<\/p><ol><li><strong>\u00bfCON QU\u00c9 FINALIDAD TRATAR\u00c1 BLECIL BCN SL LOS DATOS PERSONALES DEL USUARIO Y DURANTE CU\u00c1NTO TIEMPO?<\/strong><\/li><\/ol><p>Los datos personales recabados ser\u00e1n tratados por PURE COSMETICS S.L., S.L. conforme a las siguientes finalidades:<\/p><ul><li>\u00a0Gestionar las solicitudes de contacto, informaci\u00f3n y consultas sobre los servicios que ofrece PURE COSMETICS S.L.L. a trav\u00e9s de los canales dispuestos para ello en el Sitio Web;<\/li><li>\u00a0Gestionar las confirmaciones de pago relacionadas con la prestaci\u00f3n del servicio;<\/li><li>\u00a0Realizar y gestionar las reservas \u00a0de servicios, o compra de productos<\/li><li>\u00a0Gestionar, modificar o eliminar la informaci\u00f3n proporcionada<\/li><li>\u00a0Remitir peri\u00f3dicamente nuestros boletines electr\u00f3nicos, conocidos como newsletter, con ofertas, promociones y noticias relacionadas con nuestro Sitio Web, salvo que se indique lo contrario o el usuario se oponga o revoque su consentimiento;<\/li><li>\u00a0Extracciones manuales y mediante API de usuarios de la BBDD para cargar en la herramienta de env\u00edo de emails de comunicaci\u00f3n<\/li><li>\u00a0Realizar informes estad\u00edsticos an\u00f3nimos respecto de los h\u00e1bitos de acceso y la actividad desarrollada por los usuarios en el Sitio Web;<\/li><li>\u00a0Medir el inter\u00e9s de los usuarios en nuestros servicios y en nuestro sitio;<\/li><li>\u00a0Solicitar informaci\u00f3n a los usuarios, especialmente mediante encuestas;<\/li><li>\u00a0Gesti\u00f3n y contestaci\u00f3n de los derechos de los titulares de los datos.<\/li><li>\u00a0Dar cumplimiento a las obligaciones legalmente establecidas.<\/li><\/ul><p>Los datos se conservar\u00e1n durante el tiempo necesario para la realizaci\u00f3n de las finalidades para las que fueron recogidos, salvo que el usuario solicite su baja a PURE COSMETICS S.L.., se oponga o revoque su consentimiento.<\/p><ol><li><strong>\u00bfQU\u00c9 DATOS DEL USUARIO TRATAR\u00c1 PURE COSMETICS S.L.?<\/strong><\/li><\/ol><p>PURE COSMETICS S.L.. tratar\u00e1 los datos que se soliciten y, en todo caso, aquellos que se indiquen como obligatorios para la prestaci\u00f3n del servicio solicitado. En el supuesto de que el Usuario no facilite los datos marcados como obligatorios, ello supondr\u00e1 la imposibilidad de llevar a cabo la prestaci\u00f3n de los servicios.<\/p><p>En concreto, PURE COSMETICS S.L.., tratar\u00e1 las siguientes categor\u00edas de datos del usuario:<\/p><ul><li>\u00a0Datos identificativos: nombre, apellidos.<\/li><li>\u00a0Datos de contacto: direcci\u00f3n de correo electr\u00f3nico, n\u00famero de tel\u00e9fono.<\/li><li>\u00a0Datos de transacci\u00f3n de bienes y servicios.<\/li><li>\u00a0Otros datos: datos facilitados por los propios interesados en los campos abiertos de los formularios dispuestos en el Sitio Web o en los documentos adjuntos.<\/li><li>\u00a0Datos de navegaci\u00f3n.<\/li><\/ul><p>En caso de que el Usuario facilite datos de terceros, manifiesta contar con el consentimiento de los mismos y se compromete a trasladar al interesado, titular de dichos datos, la informaci\u00f3n contenida en la Pol\u00edtica de Privacidad, eximiendo aPURE COSMETICS S.L.. de cualquier responsabilidad en este sentido. No obstante,PURE COSMETICS S.L.. podr\u00e1 llevar a cabo las verificaciones necesarias para constatar este hecho, adoptando las medidas de diligencia debida que correspondan, conforme a la normativa de protecci\u00f3n de datos.<\/p><ol><li><strong>\u00bfCU\u00c1L ES LA LEGITIMACI\u00d3N DEL TRATAMIENTO DE TUS DATOS?<\/strong><\/li><\/ol><p>La legitimaci\u00f3n del tratamiento de datos ser\u00e1:<\/p><ul><li>\u00a0Para la gesti\u00f3n de consultas, solicitudes de informaci\u00f3n, ser\u00e1 el cumplimiento de relaci\u00f3n contractual y el consentimiento prestado por el usuario para ello.<\/li><li>\u00a0Para la gesti\u00f3n de reservas, ser\u00e1 el cumplimiento de relaci\u00f3n contractual.<\/li><li>\u00a0Para la realizaci\u00f3n de informes estad\u00edsticos an\u00f3nimos, el inter\u00e9s leg\u00edtimo de PURE COSMETICS S.L.<\/li><li>\u00a0Para el tratamiento de sus datos con fines de marketing, relativo a servicios propios de PURE COSMETICS S.L.. para sus clientes y usuarios, se basar\u00e1 en el inter\u00e9s leg\u00edtimo reconocido por la normativa.<\/li><\/ul><p>Los consentimientos obtenidos para las finalidades mencionadas son independientes por lo que el usuario podr\u00e1 revocar uno o varios de ellos no afectando a los dem\u00e1s. Podr\u00e1 revocar su consentimiento a cualquiera de los tratamientos, si bien ello no afectar\u00e1 a la licitud de los tratamientos efectuados con anterioridad.<\/p><p>Para revocar dicho consentimiento, el Usuario podr\u00e1 contactar con PURE COSMETICS S.L.. enviando un email a la siguiente direcci\u00f3n de correo electr\u00f3nico:hola@alterlookhair.com<\/p><ol><li><strong>\u00bfCON QUI\u00c9N SE COMPARTIR\u00c1N LOS DATOS DEL USUARIO?<\/strong><\/li><\/ol><p>No cederemos tus datos personales a terceros, salvo que estemos obligados por una ley o que t\u00fa lo consientas previamente<\/p><ol><li><strong>\u00bfDURANTE CU\u00c1NTO TIEMPO CONSERVAREMOS LOS DATOS DEL USUARIO?<\/strong><\/li><\/ol><p>Conservaremos tus datos hasta que te des de baja para dejar de recibir nuestras newsletter, o hasta que te pongas en contacto con nosotros para solicitar que borremos tu informaci\u00f3n. Una vez lo hayas hecho, destruiremos tus datos.<\/p><ol><li><strong>RESPONSABILIDAD DEL USUARIO<\/strong><\/li><\/ol><p>El Usuario:<\/p><ul><li>\u00a0Garantiza que es mayor de 18 a\u00f1os y que los datos que facilita a PURE COSMETICS S.L.L. son verdaderos, exactos, completos y actualizados. A estos efectos, el Usuario responde de la veracidad de todos los datos que comunique y mantendr\u00e1 convenientemente actualizada la informaci\u00f3n facilitada, de tal forma que responda a su situaci\u00f3n real.<\/li><li>\u00a0Garantiza que ha informado a los terceros de los que facilite sus datos, en caso de hacerlo, de los aspectos contenidos en este documento. Asimismo, garantiza que ha obtenido su autorizaci\u00f3n para facilitar sus datos a PURE COSMETICS S.L. para los fines se\u00f1alados.<\/li><li>\u00a0Ser\u00e1 responsable de las informaciones falsas o inexactas que proporcione a trav\u00e9s del Sitio Web y de los da\u00f1os y perjuicios, directos o indirectos, que ello cause a PURE COSMETICS S.L. . o a terceros.<\/li><\/ul><ol><li><strong>COMUNICACIONES COMERCIALES Y PROMOCIONALES A TRAVES DE NEWSLETTERS<\/strong><\/li><\/ol><p>Una de las finalidades para las que PURE COSMETICS S.L.L. trata los datos personales proporcionados por parte de los Usuarios es para remitirles comunicaciones electr\u00f3nicas con informaci\u00f3n relativa a los servicios, eventos o noticias relevantes para los Usuarios sobre nuestros productos y servicios. Siempre que se realice alguna comunicaci\u00f3n de este tipo, \u00e9sta ser\u00e1 dirigida \u00fanica y exclusivamente a aquellos Usuarios que hubiesen autorizado expresamente el env\u00edo de las mismas. En el caso de usuarios que contraten productos ofertados a trav\u00e9s del Sitio Web, correo electr\u00f3nico de contacto o trav\u00e9s de nuestro tel\u00e9fono de contacto se les remitir\u00e1n comunicaciones electr\u00f3nicas siempre que no hubieran manifestado previamente su negativa a la recepci\u00f3n de las mismas.<\/p><p>En caso de que el usuario desee dejar de recibir comunicaciones comerciales o promocionales por parte de PURE COSMETICS S.L.., puede solicitar la baja del servicio enviando un email a la siguiente direcci\u00f3n de correo electr\u00f3nico::hola@alterlookhair.com, as\u00ed como indicando su negativa a la recepci\u00f3n de las mismas, a trav\u00e9s de la casilla as\u00ed dispuesta en el formulario de recogida de sus datos o indic\u00e1ndolo mediante la opci\u00f3n de baja proporcionada en cada una de las comunicaciones comerciales enviadas.<\/p><p>Del mismo modo, puede oponerse y\/o revocar el consentimiento y para ello, en cada una de las comunicaciones comerciales remitida, se le informar\u00e1 de los medios por los cuales puede realizarlo.<\/p><ol><li><strong>EJERCICIO DE DERECHOS<\/strong><\/li><\/ol><p>El Usuario puede enviar un escrito a la direcci\u00f3n se\u00f1alada en el encabezado de esta Pol\u00edtica o bien por medio de un correo electr\u00f3nico a la direcci\u00f3n::hola@alterlookhair.com con la Referencia \u201cProtecci\u00f3n de Datos\u201d, adjuntando fotocopia de su documento de identidad, en cualquier momento y de manera gratuita, para:<\/p><ul><li>\u00a0Revocar los consentimientos otorgados.<\/li><li>\u00a0Obtener confirmaci\u00f3n acerca de si en PURE COSMETICS S.L&#8230; se est\u00e1n tratando datos personales que conciernen al usuario o no.<\/li><li>\u00a0Acceder a sus datos personales.<\/li><li>\u00a0Rectificar los datos inexactos o incompletos.<\/li><li>\u00a0Solicitar la supresi\u00f3n de sus datos cuando, entre otros motivos, los datos ya no sean necesarios para los fines que fueron recogidos.<\/li><li>\u00a0Ponerse en contacto con el DPO a trav\u00e9s de la siguiente direcci\u00f3n: hola@alterlookhair.com<\/li><li>\u00a0Interponer una reclamaci\u00f3n relativa a la protecci\u00f3n de sus datos personales ante la Agencia Espa\u00f1ola de Protecci\u00f3n de Datos en la direcci\u00f3n Calle de Jorge Juan, 6, 28001, Madrid.<\/li><\/ul><ol><li><strong>MEDIDAS DE SEGURIDAD<\/strong><\/li><\/ol><p>PURE COSMETICS SL. tratar\u00e1 los datos del Usuario en todo momento de forma absolutamente confidencial y guardando el secreto de los mismos, de conformidad con lo previsto en la normativa de aplicaci\u00f3n, adoptando al efecto las medidas de \u00edndole t\u00e9cnico-organizativa necesarias que garanticen la seguridad de sus datos y eviten su alteraci\u00f3n, p\u00e9rdida, tratamiento o acceso no autorizado, habida cuenta del estado de la tecnolog\u00eda, la naturaleza de los datos almacenados y los riesgos a que est\u00e1n expuestos.<\/p>\t\t\t\t\t\t<\/div>\n\t\t\t\t<\/div>\n\t\t\t\t\t<\/div>\n\t\t<\/div>\n\t\t\t\t\t\t\t<\/div>\n\t\t<\/section>\n\t\t\t\t\t\t\t<\/div>\n\t\t","protected":false},"excerpt":{"rendered":"<p>Pol\u00edtica de Privacidad Para cumplir con el nuevo Reglamento General de Protecci\u00f3n de Datos (GDPR) hemos actualizado nuestra pol\u00edtica de privacidad. IDENTIFICACI\u00d3N \u00a0Titular: PURE COSMETICS S.L. \u00a0Domicilio social: Av. Josep Tarradellas, 38. Barcelona, Espa\u00f1a. \u00a0CIF: B-10676419 \u00a0Tel\u00e9fono: +34 933 487 579 \u00a0E-mail: hola@alterlookhair.com \u00a0Delegado de Protecci\u00f3n de Datos (DPO): puede contactar con nuestro DPO a [&hellip;]<\/p>\n","protected":false},"author":1,"featured_media":0,"parent":0,"menu_order":0,"comment_status":"closed","ping_status":"open","template":"elementor_header_footer","meta":[],"_links":{"self":[{"href":"https:\/\/alterlook.es\/es\/wp-json\/wp\/v2\/pages\/3"}],"collection":[{"href":"https:\/\/alterlook.es\/es\/wp-json\/wp\/v2\/pages"}],"about":[{"href":"https:\/\/alterlook.es\/es\/wp-json\/wp\/v2\/types\/page"}],"author":[{"embeddable":true,"href":"https:\/\/alterlook.es\/es\/wp-json\/wp\/v2\/users\/1"}],"replies":[{"embeddable":true,"href":"https:\/\/alterlook.es\/es\/wp-json\/wp\/v2\/comments?post=3"}],"version-history":[{"count":12,"href":"https:\/\/alterlook.es\/es\/wp-json\/wp\/v2\/pages\/3\/revisions"}],"predecessor-version":[{"id":10818,"href":"https:\/\/alterlook.es\/es\/wp-json\/wp\/v2\/pages\/3\/revisions\/10818"}],"wp:attachment":[{"href":"https:\/\/alterlook.es\/es\/wp-json\/wp\/v2\/media?parent=3"}],"curies":[{"name":"wp","href":"https:\/\/api.w.org\/{rel}","templated":true}]}}