{"id":1831,"date":"2018-12-04T12:07:38","date_gmt":"2018-12-04T12:07:38","guid":{"rendered":"https:\/\/alterlookhair.com\/?page_id=1831"},"modified":"2023-05-31T14:58:30","modified_gmt":"2023-05-31T14:58:30","slug":"condiciones-de-servicio","status":"publish","type":"page","link":"https:\/\/alterlook.es\/es\/condiciones-de-servicio","title":{"rendered":"Condiciones de Servicio"},"content":{"rendered":"\t\t<div data-elementor-type=\"wp-page\" data-elementor-id=\"1831\" class=\"elementor elementor-1831\">\n\t\t\t\t\t\t\t\t\t<section class=\"elementor-section elementor-top-section elementor-element elementor-element-7790afd2 elementor-section-boxed elementor-section-height-default elementor-section-height-default\" data-id=\"7790afd2\" data-element_type=\"section\">\n\t\t\t\t\t\t<div class=\"elementor-container elementor-column-gap-default\">\n\t\t\t\t\t<div class=\"elementor-column elementor-col-100 elementor-top-column elementor-element elementor-element-5f75cbac\" data-id=\"5f75cbac\" data-element_type=\"column\">\n\t\t\t<div class=\"elementor-widget-wrap elementor-element-populated\">\n\t\t\t\t\t\t\t\t<div class=\"elementor-element elementor-element-70d68db2 elementor-widget elementor-widget-text-editor\" data-id=\"70d68db2\" data-element_type=\"widget\" data-widget_type=\"text-editor.default\">\n\t\t\t\t<div class=\"elementor-widget-container\">\n\t\t\t\t\t\t\t<div class=\"panel-head\"><h1><strong>CONDICIONES GENERALES DE VENTA<\/strong><\/h1><p><strong>Estas condiciones generales de venta constituyen el modo de utilizaci\u00f3n por parte de los usuarios de Alterlookhair.com y su relaci\u00f3n con PURE COSMETICS S.L. (que comercializa como Alterlook Profesional, ubicado en Carrer de Sants 25, 08014. Barcelona. Por favor, lea esta secci\u00f3n detenidamente, pues puede afectar sus derechos y obligaciones legales. Si no est\u00e1 de acuerdo con estos t\u00e9rminos, por favor no acceda o utilice esta p\u00e1gina web. En caso de duda, por favor p\u00f3ngase en contacto con nosotros.<\/strong><\/p><p><strong>\u00a0IDENTIFICACI\u00d3N<\/strong><\/p><ul><li>\u00a0<strong>Titular:<\/strong>\u00a0PURE COSMETICS S.L.<\/li><li>\u00a0<strong>Domicilio social:<\/strong>\u00a0Av. Josep Tarradellas, 38 (Espa\u00f1a).<\/li><li>\u00a0<strong>CIF:<\/strong>\u00a0B-10676419<\/li><li>\u00a0<strong>Tel\u00e9fono:<\/strong>\u00a0+34 933 487 579<\/li><li>\u00a0<strong>E-mail:<\/strong>\u00a0hola@alterlookhair.com<\/li><li>Registro Mercantil de Barcelona. N\u00ba de entrada: 36149663.<\/li><\/ul><ol><li><strong> CONDICIONES DE UTILIZACI\u00d3N<\/strong><\/li><\/ol><p>Al utilizar esta p\u00e1gina web expresa su acuerdo con las siguientes condiciones generales de venta.<\/p><ol start=\"2\"><li><strong> MODIFICACIONES<\/strong><\/li><\/ol><p>Alterlook Profesional se reserva el derecho de modificar estos t\u00e9rminos cuando as\u00ed lo considere necesario. Dichos cambios ser\u00e1n comunicados en la p\u00e1gina web. Es responsabilidad del cliente comprobar los cambios, que se aplicar\u00e1n en cuanto se notifiquen la web. Si no desea aceptar nuestros t\u00e9rminos condiciones, no deber\u00eda seguir utilizando la p\u00e1gina. Si contin\u00faa visitando la web una vez se hayan aplicado los cambios, su utilizaci\u00f3n muestra su consentimiento a regirse conforme a estas condiciones.<\/p><ol start=\"3\"><li><strong> REGISTRO<\/strong><\/li><\/ol><p>El cliente certifica que toda la informaci\u00f3n personal proporcionada es veraz, precisa, actualizada y completa en todos los sentidos y que no est\u00e1 suplantando la identidad de ninguna otra persona o entidad.<\/p><p>Los productos comprados en l\u00ednea son para uso privado y no para su re-venta. El cliente habr\u00e1 de informar a nuestro Servicio al cliente cuanto antes de cualquier cambio en sus datos personales ya sea por email o por tel\u00e9fono.<\/p><p>e-mail: hola@alterlookhair.com<br \/>tel: 9+34 933 487 579<\/p><ol start=\"4\"><li><strong> POL\u00cdTICA DE PRIVACIDAD<\/strong><\/li><\/ol><p>Trataremos su informaci\u00f3n personal de manera confidencial y la utilizaremos s\u00f3lo de conformidad a nuestra pol\u00edtica de privacidad.<\/p><p>Al efectuar una compra en esta p\u00e1gina web, le pediremos que introduzca datos personales como tu nombre, direcci\u00f3n email, direcci\u00f3n de facturaci\u00f3n, direcci\u00f3n de env\u00edo, n\u00famero de tarjeta bancaria y otro tipo de informaci\u00f3n de pago para identificarle. Dicha informaci\u00f3n se proteger\u00e1 de acuerdo con lo estipulado en nuestra pol\u00edtica de privacidad. M\u00e1s informaci\u00f3n sobre nuestra pol\u00edtica de privacidad <a href=\"https:\/\/alterlookhair.com\/privacy-policy\">aqu\u00ed<\/a><\/p><ol start=\"5\"><li><strong> SEGURIDAD<\/strong><\/li><\/ol><p>Con el fin de garantizar que nadie est\u00e1 utilizando su tarjeta bancaria sin su consentimiento, comprobaremos el nombre, direcci\u00f3n y dem\u00e1s informaci\u00f3n proporcionada durante el proceso de compra.<\/p><p>En Alterlook Profesional nos tomamos el riesgo de fraude en Internet muy en serio. Dado que el n\u00famero de fraudes por uso indebido de tarjetas de cr\u00e9dito no hace sino aumentar, verificamos si todos los pedidos responden a la informaci\u00f3n proporcionada. Es por eso por lo que podr\u00edamos ponernos en contacto con nuestros clientes en caso de necesitar comprobar ciertas cuestiones de seguridad. No se tolerar\u00e1 ning\u00fan tipo de transacci\u00f3n fraudulenta y todo intento ser\u00e1 comunicado a la autoridad competente..<\/p><p>Al aceptar estos t\u00e9rminos y condiciones, el cliente se compromete a facilitar informaci\u00f3n en caso de que sea necesario. Al comprobar ciertas cuestiones de seguridad, cierta informaci\u00f3n podr\u00eda ser verificada por la autoridad bancaria competente. Puede estar seguro de que dichas comprobaciones se hacen s\u00f3lo y exclusivamente por razones de seguridad para confirmar su identidad, no se visualizar\u00e1 el cr\u00e9dito con que cuenta la tarjeta. Toda la informaci\u00f3n proporcionada se tratar\u00e1 de manera segura y confidencial de acuerdo con lo previsto por el Data Protection Act 1998..<\/p><ol start=\"6\"><li><strong> CUMPLIMIENTO<\/strong><\/li><\/ol><p>El usuario habr\u00e1 de utilizar esta p\u00e1gina web para fines l\u00edcitos y conforme a la ley. Se compromete, adem\u00e1s, a regirse de acuerdo con las leyes, estatutos y todo tipo de legislaci\u00f3n establecida al efecto al utilizar esta p\u00e1gina web.<\/p><p>El usuario se compromete a no subir o pasar ning\u00fan tipo de virus o aplicaci\u00f3n dise\u00f1ada para interferir, interrumpir o impedir el funcionamiento normal de un ordenador, as\u00ed cualquier tipo de material difamatorio, ofensivo u obsceno.<\/p><ol start=\"7\"><li><strong> COMPENSACI\u00d3N<\/strong><\/li><\/ol><p>El usuario se compromete a indemnizarnos, as\u00ed como a nuestros empleados y proveedores si as\u00ed fuera necesario por cualquier tipo de p\u00e9rdidas, costes, gastos, incluidos los gastos legales por incumplimiento de estos t\u00e9rminos y condiciones por su parte, cualquier otro tipo de indemnizaci\u00f3n por el uso de esta p\u00e1gina web o por el uso indebido de esta p\u00e1gina web por parte de otra persona que utilice su informaci\u00f3n personal.<\/p><ol start=\"8\"><li><strong> ENLACES A OTRAS P\u00c1GINAS WEB<\/strong><\/li><\/ol><p>Para comodidad de nuestros clientes, esta p\u00e1gina web incluye enlaces a otras p\u00e1ginas web o material cuyo contenido no podemos controlar. Por tanto, no somos responsables de dichas p\u00e1ginas web o material ni las revisamos o apoyamos. Alterlook Profesional no es responsable ni directa ni indirectamente de la pol\u00edtica de privacidad que dichos sitios web apliquen, ni tampoco de cualquier da\u00f1o, p\u00e9rdida u ofensa causada o alegada por el uso de otras web o recursos, o por su publicidad, contenido, productos, material o servicios.<\/p><ol start=\"9\"><li><strong> PEDIDOS<\/strong><\/li><\/ol><p>Todos los pedidos est\u00e1n sujetos a aceptaci\u00f3n y disponibilidad. Si los art\u00edculos deseados no se encuentran en stock, se le notificar\u00e1 v\u00eda email; podr\u00e1 elegir entre esperar a que vuelva a estar en stock o cancelar su pedido.<\/p><p>Cualquier pedido que haga se considerar\u00e1 una oferta de compra por nuestra parte, por lo que podremos retirar dicha oferta cuando lo consideremos necesario. La conclusi\u00f3n del contrato entre ambas partes tendr\u00e1 lugar cuando i) debitemos el total de la compra en su tarjeta bancaria o cuenta de Paypal, o ii) enviemos los productos o comience el servicio, dependiendo de cu\u00e1l sea el \u00faltimo acontecimiento.<\/p><p>Por nuestra parte, haremos todo lo posible por que los detalles de su pedido y pago se procesen de manera segura. No obstante, si no hubiese negligencia por nuestra parte, no ser\u00edamos responsables de ninguna p\u00e9rdida que pudiera sufrir si una tercera parte accediese a cualquier tipo de informaci\u00f3n personal que nos hubiese proporcionado al acceder a o hacer un pedido en nuestra web.<\/p><p>Los productos vendidos en nuestra p\u00e1gina web no son para su reventa o distribuci\u00f3n. S\u00f3lo podr\u00e1 comprar cinco art\u00edculos de cada producto. Nos reservamos el derecho de cancelar pedidos y\/o cancelar cuentas de usuario desde las que se hayan efectuado pedidos en contra de esta disposici\u00f3n.<\/p><p>El usuario ser\u00e1 responsable de los productos una vez sean enviados a la direcci\u00f3n de env\u00edo especificada al efectuar el pedido. Alterlook Profesional no ser\u00e1 responsable en caso de que proporcionara una direcci\u00f3n de env\u00edo incorrecta o de que no pudiera recoger el pedido en la direcci\u00f3n especificada..<\/p><ol start=\"10\"><li><strong> DERECHOS DE CANCELACI\u00d3N<\/strong><\/li><\/ol><p>En caso de haber comprado los productos o servicios como consumidor (por uso privado en lugar de uso comercial), NO tendr\u00e1 derecho a cancelar cualquier contrato que tenga con nosotros tras la recepci\u00f3n de los productos o servicios.<\/p><p>Si cancela un contrato de conformidad a las causales expuestas en la <a href=\"https:\/\/alterlookhair.com\/politica-de-devoluciones-reembolso\">pol\u00edtica de devoluciones y reembolso<\/a>, tendr\u00e1 que informarnos de ellos poni\u00e9ndose en contacto con nosotros o escribi\u00e9ndonos a hola@alterlookhair.com, o bien llamandonos al +34 933 487 579. Ha de conservar los productos y asegurarse de que se encuentran en las mismas condiciones en que fueron recibidos hasta que los recojamos o nos los env\u00ede de vuelta. Se le informar\u00e1 de la fecha en que los recogeremos. Normalmente, se suele hacer en un plazo de 28 d\u00edas tras la recepci\u00f3n del formulario de cancelaci\u00f3n. Habr\u00e1 de pagar el coste de recogida de los productos y se le deducir\u00e1 de cualquier cantidad de dinero que le tengamos que devolver.<\/p><p>En ning\u00fan momento las devoluciones de pedidos o productos son causales de reembolso de dinero. En todos los casos las devoluciones ser\u00e1n sustituidas por nuevas mercanc\u00edas seg\u00fan la compra realizada por el cliente,<\/p><p>Para m\u00e1s informaci\u00f3n sobre cancelaciones y devoluciones, por favor lea nuestra <a href=\"https:\/\/alterlookhair.com\/politica-de-devoluciones-reembolso\">Pol\u00edtica de devoluciones<\/a>.<\/p><ol start=\"11\"><li><strong> PRECIO Y PAGO<\/strong><\/li><\/ol><p>Todos los precios incluyen IVA s\u00f3lo cuando sea aplicable (por favor, lea m\u00e1s abajo) al porcentaje actual y son correctos en el momento de inclusi\u00f3n de la informaci\u00f3n en el sistema. No obstante, nos reservamos el derecho de cambiar los precios en cualquier momento sin previo aviso.<\/p><p>No ser\u00e1 aplicable cualquier otro tipo de impuesto si su direcci\u00f3n de env\u00edo se encuentra en Espa\u00f1a. Si su direcci\u00f3n de env\u00edo es en otro pa\u00eds, se podr\u00edan aplicar impuestos como aranceles (IVA incluido). Cualquier otro tipo de gastos ser\u00e1n a cargo del usuario. Tenga en cuenta que los aranceles dependen del pa\u00eds. Le recomendamos que se ponga en contacto con el organismo competente para m\u00e1s informaci\u00f3n.<\/p><p>Por favor, tenga en cuenta que el env\u00edo transfronterizo a pa\u00edses fuera del Espa\u00f1a podr\u00eda conllevar la apertura e inspecci\u00f3n del paquete por parte de las autoridades aduaneras. En todos los env\u00edos fuera del Espa\u00f1a se le considerar\u00e1 como el importador de estos y, por tanto, habr\u00e1 de actuar de conformidad a la legislaci\u00f3n en el pa\u00eds de recepci\u00f3n.<\/p><p>El pago se efectuar\u00e1 en la tarjeta bancaria o cuenta de Paypal utilizada. El total se debitar\u00e1 en su cuenta antes de la expedici\u00f3n del producto o servicio.<\/p><p>En el improbable caso de que el precio que apareciese al confirmar la compra fuese err\u00f3neo y lo descubri\u00e9ramos antes de aceptar su pedido, de acuerdo con la cl\u00e1usula 9, no habr\u00edamos de vender el producto al precio mostrado. En Alterlook Profesional siempre intentamos garantizar que los precios de nuestros productos en nuestra web sean correctos, pero a veces pueden darse errores. Nos pondr\u00edamos en contacto con usted cuanto antes en caso de detectar cualquier tipo de error en el precio de los productos que hubiera pedido. Asimismo, se le dar\u00e1 la posibilidad de reconfirmar o cancelar su compra una vez corrijamos el precio. Si cancela un pedido que ya ha pagado, le devolveremos su dinero.<\/p><p>Por otra parte, el usuario garantiza que la tarjeta bancaria o cuenta de Paypal utilizada le pertenece. La entidad de la tarjeta bancaria podr\u00eda solicitar comprobar la identidad y\/o la autorizaci\u00f3n de los titulares de tarjetas bancarias. En caso de que la entidad de pago rechazara o denegara la autorizaci\u00f3n de pago, no nos har\u00edamos responsables de retrasos o no-env\u00edo.<\/p><p>Si su pago con tarjeta de cr\u00e9dito o d\u00e9bito no se procesa con \u00e9xito por cualquier raz\u00f3n, nos reservamos el derecho a reintentar procesar el pago.\u00a0 Antes de reintentar el pago, le daremos un aviso con por lo menos 48 horas de antelaci\u00f3n por la direcci\u00f3n de correo electr\u00f3nico que nos ha proporcionado. Si no quiere que volvamos a intentar procesar el pago, debe cancelar el pedido dentro de las 48 horas de recibir el email.<\/p><p>S\u00f3lo podr\u00e1 utilizar los c\u00f3digos de descuento una vez en cada pedido. Nos reservamos el derecho de rechazar o cancelar cualquier pedido que incluya m\u00e1s de un c\u00f3digo de descuento.<\/p><p>S\u00f3lo est\u00e1 permitido el uso de c\u00f3digos de descuento de acuerdo con los t\u00e9rminos y condiciones en que se emitieron como, por ejemplo, elegibilidad de uso y valor m\u00e1ximo del pedido.<\/p><p>Por favor, familiar\u00edcese con estas condiciones generales de venta antes de hacer un pedido, pues nos reservamos el derecho de rechazar o cancelar cualquier pedido que no cumpla con lo aqu\u00ed dispuesto, aun cuando hubi\u00e9ramos procedido a cargar el importe de la compra en su tarjeta bancaria. En caso de inconsistencia entre estos t\u00e9rminos y condiciones y los del c\u00f3digo de descuento, prevalecer\u00e1n estos \u00faltimos. Puede obtener una copia de los t\u00e9rminos y condiciones de los c\u00f3digos de descuento escribiendo o llamando a nuestro Servicio al cliente:<\/p><p><a href=\"mailto:hola@alterlookhair.com\">hola@alterlookhair.com<\/a><br \/>Tel: +34 933 487 579<\/p><ol start=\"12\"><li><strong> ELEGIBILIDAD PARA COMPRAR<\/strong><\/li><\/ol><p>Para poder comprar en nuestra p\u00e1gina web y crear contratos con nosotros, de acuerdo con lo establecido por ley en Epa\u00f1a, ha de ser mayor de 18 a\u00f1os, y deber\u00e1 colocar sus verdaderos datos de contacto al realizar la compra, utilizando su verdadero nombre, direcci\u00f3n, n\u00famero de tel\u00e9fono, direcci\u00f3n email y cualquier otro tipo de datos que solicitemos.<\/p><p>Mediante la compra de productos y servicios de nuestra p\u00e1gina, garantiza que tiene m\u00e1s de 18 a\u00f1os y nos autoriza a transmitir informaci\u00f3n, incluyendo datos actualizados, para obtener informaci\u00f3n o autorizaci\u00f3n de terceros. Esto incluye, entre otras, informaci\u00f3n relativa al n\u00famero de su tarjeta bancaria para verificar su identidad, validar su tarjeta de cr\u00e9dito, obtener una autorizaci\u00f3n de uso de la tarjeta y autorizar transacciones de compra.<\/p><ol start=\"13\"><li><strong> PROPIEDAD INTELECTUAL<\/strong><\/li><\/ol><p>El contenido de esta p\u00e1gina est\u00e1 protegido por copyright, marca registrada, bases de datos y otros tipos de propiedad intelectual. El usuario expresa su acuerdo en que el material y contenido proporcionado como parte de la p\u00e1gina web pertenece a PURE COSMETICS S.L.<\/p><p>El usuario puede visualizar el contenido de nuestra p\u00e1gina web desde su ordenador, guardar informaci\u00f3n determinada en forma electr\u00f3nica en disco, pero no en servidores u otro tipo de dispositivo de almacenamiento conectado en red. El usuario tambi\u00e9n podr\u00e1 imprimir una copia de dicho contenido para uso personal, no comercial, siempre y cuando quede intacta toda la informaci\u00f3n referente a nuestro copyright y propiedad. De lo contrario, no podr\u00e1 reproducir, modificar, copiar o distribuir para usos comerciales ninguno de los materiales o contenido de la p\u00e1gina web.<\/p><ol start=\"14\"><li><strong> L\u00cdMITES A LA RESPONSABILIDAD DEL USUARIO<\/strong><\/li><\/ol><p>Pese a lo establece por cualquier otra disposici\u00f3n en estos t\u00e9rminos y condiciones, nada de lo aqu\u00ed dispuesto afecta o limita sus derechos como consumidor de acuerdo a lo provisto por la legislaci\u00f3n de Espa\u00f1a. Asimismo, tampoco excluye o limita sus obligaciones por deceso o da\u00f1o personal que pueda conllevar cualquier negligencia por nuestra parte.<\/p><p>Esta p\u00e1gina web hace hincapi\u00e9 en que los productos o servicios son como aparecen o seg\u00fan disponibilidad. De ese modo, no garantizamos nada acerca de su uso o del producto en s\u00ed de manera expresa o impl\u00edcita.<\/p><p>Mediante estas condiciones generales de venta le usuario muestra su conformidad a que no garanticemos o que no seamos responsables de la seguridad o privacidad de esta p\u00e1gina web y la informaci\u00f3n que nos proporcione. Por tanto, se entiende que est\u00e1 al tanto de los riesgos que conlleva el uso de Internet.<\/p><p>M\u00e1s concretamente, no nos hacemos responsables de lo siguiente:<\/p><p>Incompatibilidad de la p\u00e1gina web con su equipo, software u otro material,<\/p><p>Problemas t\u00e9cnicos como errores o interrupciones de la web, entre otros,<\/p><p>Falta de fiabilidad o precisi\u00f3n de la p\u00e1gina web e<br \/>Inclumplimiento de tus requisitos.<\/p><p>Por \u00faltimo, el usuario muestra su conformidad con que no seremos responsables ante \u00e9l o cualquier otra tercera parte por da\u00f1os resultantes o accidentales derivados de p\u00e9rdidas de naturaleza econ\u00f3mica, beneficios, negocios, gasto, privacidad o datos sin l\u00edmite alguno, as\u00ed como de cualquier otro da\u00f1o indirecto, especial o punitivo que pueda resultar del uso de esta p\u00e1gina web.<\/p><ol start=\"15\"><li><strong> NO APLICACI\u00d3N<\/strong><\/li><\/ol><p>Si alguna parte de estos t\u00e9rminos y condiciones se considerase presuntamente ilegal, nula o no aplicable, dicha disposici\u00f3n habr\u00eda de considerarse excluida de estos t\u00e9rminos, no afectando por ello a la validez del resto de disposiciones aqu\u00ed establecidas.<\/p><ol start=\"16\"><li><strong> EXENCIONES<\/strong><\/li><\/ol><p>Ninguna de las exenciones que presentemos habr\u00e1 de ser considerada una exenci\u00f3n del cumplimiento o incumplimiento de cualquier otra disposici\u00f3n.<\/p><ol start=\"17\"><li><strong> CONDICIONES DE CONTRATACI\u00d3N<\/strong><\/li><\/ol><p>Estas condiciones generales de venta constituyen la base cualquier acuerdo entre el usuario y Alterlook Profesional.<\/p><ol start=\"18\"><li><strong> LEGISLACI\u00d3N Y JURISDICCI\u00d3N<\/strong><\/li><\/ol><p>Estos t\u00e9rminos se han redactado y han de cumplirse de acuerdo a lo establecido por la legislaci\u00f3n vigente enEspa\u00f1a. Cualquier tipo de desacuerdo se juzgar\u00e1 en tribunales espa\u00f1oles.<\/p><ol start=\"19\"><li><strong> DEVOLUCIONES<\/strong><\/li><\/ol><p>Con el fin de garantizar que nuestros clientes reciben el mejor servicio posible, en Alterlook Profesional ofrecemos una <a href=\"https:\/\/alterlookhair.com\/politica-de-devoluciones-reembolso\">pol\u00edtica de devoluciones<\/a> extensa. Por favor, tenga en cuenta que ha de seguir una serie de pasos a la hora de devolver un producto y que, en caso de no hacerlo, no podremos cambiarlos o devolverle el dinero. Ha de tener en cuenta, adem\u00e1s, que no nos responsabilizamos de ni devolvemos\/cambiamos ning\u00fan producto en stock afectado por circunstancias fuera de nuestro control. Esto incluye da\u00f1o o negligencia una vez entregados los productos, almacenamiento de productos en condiciones adversas como temperaturas muy altas, pues puede da\u00f1ar los productos, as\u00ed como el da\u00f1o infligido por terceras partes.<\/p><p>Si desea devolver un producto, contacte con nosotros en un plazo de 48 horas tras su recepci\u00f3n. Para proceder a la devoluci\u00f3n, p\u00f3ngase en contacto con nuestro Servicio al cliente e inf\u00f3rmeles del n\u00famero de su pedido, producto que desea devolver y el motivo.<\/p><p>A continuaci\u00f3n le proporcionar\u00e1n un n\u00famero de autorizaci\u00f3n de devoluci\u00f3n, adem\u00e1s de la direcci\u00f3n a la que habr\u00e1 de enviar el producto. Tendr\u00e1 de empaquetarlo de manera segura e incluir el n\u00famero de pedido, n\u00famero de autorizaci\u00f3n de devoluci\u00f3n, si desea cambiarlo y el motivo por el que desea devolver el producto.<\/p><p>Las devoluciones han de estar en el estado y embalaje en que se recibieron, adem\u00e1s de incluir una copia de la factura. Una vez recibamos los productos, comprobaremos su estado y se proceder\u00e1 al reembolso del gastos de env\u00edo en caso de que esa fuera la opci\u00f3n elegida por el cliente. Ofrecemos reembolsar o cambiar productos defectuosos que fuesen recibidos en esa condici\u00f3n.<\/p><p>\u00a0<\/p><\/div>\t\t\t\t\t\t<\/div>\n\t\t\t\t<\/div>\n\t\t\t\t\t<\/div>\n\t\t<\/div>\n\t\t\t\t\t\t\t<\/div>\n\t\t<\/section>\n\t\t\t\t\t\t\t<\/div>\n\t\t","protected":false},"excerpt":{"rendered":"<p>CONDICIONES GENERALES DE VENTA Estas condiciones generales de venta constituyen el modo de utilizaci\u00f3n por parte de los usuarios de Alterlookhair.com y su relaci\u00f3n con PURE COSMETICS S.L. (que comercializa como Alterlook Profesional, ubicado en Carrer de Sants 25, 08014. Barcelona. Por favor, lea esta secci\u00f3n detenidamente, pues puede afectar sus derechos y obligaciones legales. [&hellip;]<\/p>\n","protected":false},"author":1,"featured_media":0,"parent":0,"menu_order":0,"comment_status":"closed","ping_status":"closed","template":"elementor_header_footer","meta":[],"_links":{"self":[{"href":"https:\/\/alterlook.es\/es\/wp-json\/wp\/v2\/pages\/1831"}],"collection":[{"href":"https:\/\/alterlook.es\/es\/wp-json\/wp\/v2\/pages"}],"about":[{"href":"https:\/\/alterlook.es\/es\/wp-json\/wp\/v2\/types\/page"}],"author":[{"embeddable":true,"href":"https:\/\/alterlook.es\/es\/wp-json\/wp\/v2\/users\/1"}],"replies":[{"embeddable":true,"href":"https:\/\/alterlook.es\/es\/wp-json\/wp\/v2\/comments?post=1831"}],"version-history":[{"count":6,"href":"https:\/\/alterlook.es\/es\/wp-json\/wp\/v2\/pages\/1831\/revisions"}],"predecessor-version":[{"id":10770,"href":"https:\/\/alterlook.es\/es\/wp-json\/wp\/v2\/pages\/1831\/revisions\/10770"}],"wp:attachment":[{"href":"https:\/\/alterlook.es\/es\/wp-json\/wp\/v2\/media?parent=1831"}],"curies":[{"name":"wp","href":"https:\/\/api.w.org\/{rel}","templated":true}]}}