{"id":1828,"date":"2018-12-04T11:32:27","date_gmt":"2018-12-04T11:32:27","guid":{"rendered":"https:\/\/alterlookhair.com\/?page_id=1828"},"modified":"2021-09-20T12:37:24","modified_gmt":"2021-09-20T12:37:24","slug":"informacion-de-envio","status":"publish","type":"page","link":"https:\/\/alterlook.es\/es\/informacion-de-envio","title":{"rendered":"Informaci\u00f3n de env\u00edo"},"content":{"rendered":"<p style=\"text-align: center;\"><span style=\"font-size: 14pt;\"><strong>Env\u00edos a toda Espa\u00f1a Pen\u00ednsula\u00a0<\/strong><\/span><\/p>\n<p style=\"text-align: center;\">Pedidos superiores a 100\u20ac de compra (2 a 3 d\u00edas laborables)&#8230;. 0\u20ac<\/p>\n<p style=\"text-align: center;\">Env\u00edo Est\u00e1ndar (2 a 3 d\u00edas laborables)&#8230;. 6\u20ac<\/p>\n<p style=\"text-align: center;\">Env\u00edo Contra Reembolso (2 a 3 d\u00edas laborables)&#8230;.8,20\u20ac<\/p>\n","protected":false},"excerpt":{"rendered":"<p>Env\u00edos a toda Espa\u00f1a Pen\u00ednsula\u00a0 Pedidos superiores a 100\u20ac de compra (2 a 3 d\u00edas laborables)&#8230;. 0\u20ac Env\u00edo Est\u00e1ndar (2 a 3 d\u00edas laborables)&#8230;. 6\u20ac Env\u00edo Contra Reembolso (2 a 3 d\u00edas laborables)&#8230;.8,20\u20ac<\/p>\n","protected":false},"author":1,"featured_media":0,"parent":0,"menu_order":0,"comment_status":"closed","ping_status":"closed","template":"","meta":[],"_links":{"self":[{"href":"https:\/\/alterlook.es\/es\/wp-json\/wp\/v2\/pages\/1828"}],"collection":[{"href":"https:\/\/alterlook.es\/es\/wp-json\/wp\/v2\/pages"}],"about":[{"href":"https:\/\/alterlook.es\/es\/wp-json\/wp\/v2\/types\/page"}],"author":[{"embeddable":true,"href":"https:\/\/alterlook.es\/es\/wp-json\/wp\/v2\/users\/1"}],"replies":[{"embeddable":true,"href":"https:\/\/alterlook.es\/es\/wp-json\/wp\/v2\/comments?post=1828"}],"version-history":[{"count":6,"href":"https:\/\/alterlook.es\/es\/wp-json\/wp\/v2\/pages\/1828\/revisions"}],"predecessor-version":[{"id":7572,"href":"https:\/\/alterlook.es\/es\/wp-json\/wp\/v2\/pages\/1828\/revisions\/7572"}],"wp:attachment":[{"href":"https:\/\/alterlook.es\/es\/wp-json\/wp\/v2\/media?parent=1828"}],"curies":[{"name":"wp","href":"https:\/\/api.w.org\/{rel}","templated":true}]}}