{"id":1183,"date":"2016-03-18T06:13:33","date_gmt":"2016-03-18T06:13:33","guid":{"rendered":"http:\/\/demos.famethemes.com\/onepress\/cart\/"},"modified":"2023-05-30T14:37:11","modified_gmt":"2023-05-30T14:37:11","slug":"cart","status":"publish","type":"page","link":"https:\/\/alterlook.es\/es\/cart","title":{"rendered":"Cart"},"content":{"rendered":"\t\t<div data-elementor-type=\"wp-page\" data-elementor-id=\"1183\" class=\"elementor elementor-1183\">\n\t\t\t\t\t\t\t\t\t<section class=\"elementor-section elementor-top-section elementor-element elementor-element-619bcda2 elementor-section-boxed elementor-section-height-default elementor-section-height-default\" data-id=\"619bcda2\" data-element_type=\"section\">\n\t\t\t\t\t\t<div class=\"elementor-container elementor-column-gap-default\">\n\t\t\t\t\t<div class=\"elementor-column elementor-col-100 elementor-top-column elementor-element elementor-element-4a13a7c9\" data-id=\"4a13a7c9\" data-element_type=\"column\">\n\t\t\t<div class=\"elementor-widget-wrap elementor-element-populated\">\n\t\t\t\t\t\t\t\t<div class=\"elementor-element elementor-element-42f9fab elementor-widget elementor-widget-heading\" data-id=\"42f9fab\" data-element_type=\"widget\" data-widget_type=\"heading.default\">\n\t\t\t\t<div class=\"elementor-widget-container\">\n\t\t\t<h2 class=\"elementor-heading-title elementor-size-default\">Carrito<\/h2>\t\t<\/div>\n\t\t\t\t<\/div>\n\t\t\t\t\t<\/div>\n\t\t<\/div>\n\t\t\t\t\t\t\t<\/div>\n\t\t<\/section>\n\t\t\t\t\t\t\t<\/div>\n\t\t","protected":false},"excerpt":{"rendered":"<p>Carrito Eliminar art\u00edculo Imagen en miniatura Producto Precio Cantidad Subtotal &times; [ONLYS BOTANIC MASK HOME CARE] | Capilar Hidratante y Antiencrespamiento 81% Aloe Vera 24,90&euro; [ONLYS BOTANIC MASK HOME CARE] | Capilar Hidratante y Antiencrespamiento 81% Aloe Vera cantidad 24,90&euro; Total del Carrito Subtotal 24,90&euro; Env\u00edo Env\u00edo Estandar (2 a 5 d\u00edas laborables): 6,05&euro; (incl. [&hellip;]<\/p>\n","protected":false},"author":2,"featured_media":0,"parent":0,"menu_order":0,"comment_status":"closed","ping_status":"closed","template":"elementor_header_footer","meta":[],"_links":{"self":[{"href":"https:\/\/alterlook.es\/es\/wp-json\/wp\/v2\/pages\/1183"}],"collection":[{"href":"https:\/\/alterlook.es\/es\/wp-json\/wp\/v2\/pages"}],"about":[{"href":"https:\/\/alterlook.es\/es\/wp-json\/wp\/v2\/types\/page"}],"author":[{"embeddable":true,"href":"https:\/\/alterlook.es\/es\/wp-json\/wp\/v2\/users\/2"}],"replies":[{"embeddable":true,"href":"https:\/\/alterlook.es\/es\/wp-json\/wp\/v2\/comments?post=1183"}],"version-history":[{"count":10,"href":"https:\/\/alterlook.es\/es\/wp-json\/wp\/v2\/pages\/1183\/revisions"}],"predecessor-version":[{"id":10611,"href":"https:\/\/alterlook.es\/es\/wp-json\/wp\/v2\/pages\/1183\/revisions\/10611"}],"wp:attachment":[{"href":"https:\/\/alterlook.es\/es\/wp-json\/wp\/v2\/media?parent=1183"}],"curies":[{"name":"wp","href":"https:\/\/api.w.org\/{rel}","templated":true}]}}